{"id":810,"date":"2024-03-01T19:07:22","date_gmt":"2024-03-01T18:07:22","guid":{"rendered":"https:\/\/grupetto.de\/shop\/fahrrad\/unkategorisiert\/cross-7x-tour-gent-23-61-bottle-green\/"},"modified":"2025-06-03T01:07:07","modified_gmt":"2025-06-02T23:07:07","slug":"cross-7x-tour-gent-23-61-bottle-green","status":"publish","type":"product","link":"https:\/\/grupetto.de\/shop\/fahrrad\/stevens\/cross-7x-tour-gent-23-61-bottle-green\/","title":{"rendered":"Cross 7X Tour Gent 23 61 Bottle Green"},"content":{"rendered":"<div id=\"bike-text\">\n<div id=\"bikedescription\">\n<h2>F\u00fcr Freude am Fahren.<\/h2>\n<p>Wenn ein Sport-Tourer Komfort, Effizienz und Eleganz in sich vereint, dann stammt er aus dem Hause STEVENS. Dann garantieren seine bew\u00e4hrten Komponenten f\u00fcr jahrelange Zuverl\u00e4ssigkeit und ungetr\u00fcbte Funktionalit\u00e4t. Und dann lassen Sie jedes andere Verkehrsmittel immer h\u00e4ufiger stehen. Wetten, dass?<\/p>\n<\/div>\n<ul id=\"highlights\">\n<li>Komfortabler Sport-Tourer mit lenkpr\u00e4zisem Aluminiumrahmen<\/li>\n<li>SR Suntour-Luftfedergabel mit Lockout-Funktion<\/li>\n<li>Wertiger und zuverl\u00e4ssiger Shimano 3x10fach-Antrieb mit Deore XT Shadow-Schaltwerk<\/li>\n<li>Hydraulische Shimano BR-M6000-Scheibenbremsen<\/li>\n<li>Leuchtstarker Busch + M\u00fcller IQ-XS-Scheinwerfer (80 Lux)<\/li>\n<\/ul>\n<\/div>\n<h2 class=\"h1\">Ausstattung<\/h2>\n<div class=\"specs grid\">\n<section class=\"art-group\">\n<h3>Chassis<\/h3>\n<dl class=\"closed hasextra\">\n<dt><img decoding=\"async\" src=\"https:\/\/www.stevensbikes.de\/all\/img\/icons\/ausstattung\/rohrmaterial.gif\" alt=\"\" \/> Rahmen<\/dt>\n<dd class=\"art-name\">Aluminium SL 6061 TB<\/dd>\n<\/dl>\n<dl class=\"closed hasextra\">\n<dt><img decoding=\"async\" src=\"https:\/\/www.stevensbikes.de\/all\/img\/icons\/ausstattung\/gabel.gif\" alt=\"\" \/> Gabel<\/dt>\n<dd class=\"art-name\">SR Suntour NCX-D Air LO<\/dd>\n<\/dl>\n<dl class=\"closed hasextra\">\n<dt><img decoding=\"async\" src=\"https:\/\/www.stevensbikes.de\/all\/img\/icons\/ausstattung\/steuersatz.gif\" alt=\"\" \/> Steuersatz<\/dt>\n<dd class=\"art-name\">STEVENS AH Taper 1 1\/8&#8243;-1 1\/2&#8243;<\/dd>\n<\/dl>\n<dl class=\"closed hasextra\">\n<dt><img decoding=\"async\" src=\"https:\/\/www.stevensbikes.de\/all\/img\/icons\/ausstattung\/bremse.gif\" alt=\"\" \/> Bremse vorne<\/dt>\n<dd class=\"art-name\">Shimano BR-M6000<\/dd>\n<\/dl>\n<dl class=\"closed hasextra\">\n<dt><img decoding=\"async\" src=\"https:\/\/www.stevensbikes.de\/all\/img\/icons\/ausstattung\/bremse.gif\" alt=\"\" \/> Bremse hinten<\/dt>\n<dd class=\"art-name\">Shimano BR-M6000<\/dd>\n<\/dl>\n<dl class=\"closed hasextra\">\n<dt><img decoding=\"async\" src=\"https:\/\/www.stevensbikes.de\/all\/img\/icons\/ausstattung\/disc.gif\" alt=\"\" \/> Bremsscheibe vorne<\/dt>\n<dd class=\"art-name\">Shimano SM-RT54<\/dd>\n<\/dl>\n<dl class=\"closed hasextra\">\n<dt><img decoding=\"async\" src=\"https:\/\/www.stevensbikes.de\/all\/img\/icons\/ausstattung\/disc.gif\" alt=\"\" \/> Bremsscheibe hinten<\/dt>\n<dd class=\"art-name\">Shimano SM-RT54<\/dd>\n<\/dl>\n<\/section>\n<section class=\"art-group\">\n<h3>Antrieb<\/h3>\n<dl class=\"closed hasextra\">\n<dt><img decoding=\"async\" src=\"https:\/\/www.stevensbikes.de\/all\/img\/icons\/ausstattung\/kurbel.gif\" alt=\"\" \/> Kurbelsatz<\/dt>\n<dd class=\"art-name\">Oxygen Scorpo<\/dd>\n<\/dl>\n<dl class=\"closed hasextra\">\n<dt><img decoding=\"async\" src=\"https:\/\/www.stevensbikes.de\/all\/img\/icons\/ausstattung\/schaltungv.gif\" alt=\"\" \/> Umwerfer vorne<\/dt>\n<dd class=\"art-name\">Shimano Deore Trekking<\/dd>\n<\/dl>\n<dl class=\"closed hasextra\">\n<dt><img decoding=\"async\" src=\"https:\/\/www.stevensbikes.de\/all\/img\/icons\/ausstattung\/schaltungh.gif\" alt=\"\" \/> Schaltung hinten<\/dt>\n<dd class=\"art-name\">Shimano Deore XT Trekking Shadow<\/dd>\n<\/dl>\n<dl>\n<dt><img decoding=\"async\" src=\"https:\/\/www.stevensbikes.de\/all\/img\/icons\/ausstattung\/kette.gif\" alt=\"\" \/> Kette<\/dt>\n<dd class=\"art-name\">KMC X10 EPT<\/dd>\n<\/dl>\n<dl class=\"closed hasextra\">\n<dt><img decoding=\"async\" src=\"https:\/\/www.stevensbikes.de\/all\/img\/icons\/ausstattung\/ritzel.gif\" alt=\"\" \/> Kassette<\/dt>\n<dd class=\"art-name\">Shimano CS-HG500<\/dd>\n<\/dl>\n<dl>\n<dt><img decoding=\"async\" src=\"https:\/\/www.stevensbikes.de\/all\/img\/icons\/ausstattung\/pedale.gif\" alt=\"\" \/> Pedale<\/dt>\n<dd class=\"art-name\">ATB Alu Comp Reflex<\/dd>\n<\/dl>\n<\/section>\n<section class=\"art-group\">\n<h3>Laufr\u00e4der<\/h3>\n<dl class=\"closed hasextra\">\n<dt><img decoding=\"async\" src=\"https:\/\/www.stevensbikes.de\/all\/img\/icons\/ausstattung\/naben.gif\" alt=\"\" \/> Nabe hinten<\/dt>\n<dd class=\"art-name\">Shimano Deore<\/dd>\n<\/dl>\n<dl class=\"closed hasextra\">\n<dt><img decoding=\"async\" src=\"https:\/\/www.stevensbikes.de\/all\/img\/icons\/ausstattung\/naben.gif\" alt=\"\" \/> Nabe vorne<\/dt>\n<dd class=\"art-name\">Shutter Precision PL-8<\/dd>\n<\/dl>\n<dl class=\"closed hasextra\">\n<dt><img decoding=\"async\" src=\"https:\/\/www.stevensbikes.de\/all\/img\/icons\/ausstattung\/felge.gif\" alt=\"\" \/> Felgen<\/dt>\n<dd class=\"art-name\">Oxygen RM-23 Disc<\/dd>\n<\/dl>\n<dl class=\"closed hasextra\">\n<dt><img decoding=\"async\" src=\"https:\/\/www.stevensbikes.de\/all\/img\/icons\/ausstattung\/reifen.gif\" alt=\"\" \/> Reifen<\/dt>\n<dd class=\"art-name\">Schwalbe G-One Allround Performance<\/dd>\n<\/dl>\n<\/section>\n<section class=\"art-group\">\n<h3>Cockpit<\/h3>\n<dl class=\"closed hasextra\">\n<dt><img decoding=\"async\" src=\"https:\/\/www.stevensbikes.de\/all\/img\/icons\/ausstattung\/lenker.gif\" alt=\"\" \/> Lenker<\/dt>\n<dd class=\"art-name\">Oxygen Scorpo<\/dd>\n<\/dl>\n<dl class=\"closed hasextra\">\n<dt><img decoding=\"async\" src=\"https:\/\/www.stevensbikes.de\/all\/img\/icons\/ausstattung\/vorbau.gif\" alt=\"\" \/> Vorbau<\/dt>\n<dd class=\"art-name\">Oxygen Scorpo<\/dd>\n<\/dl>\n<dl>\n<dt><img decoding=\"async\" src=\"https:\/\/www.stevensbikes.de\/all\/img\/icons\/ausstattung\/sattel.gif\" alt=\"\" \/> Sattel<\/dt>\n<dd class=\"art-name\">Oxygen Havoc<\/dd>\n<\/dl>\n<dl class=\"closed hasextra\">\n<dt><img decoding=\"async\" src=\"https:\/\/www.stevensbikes.de\/all\/img\/icons\/ausstattung\/sstuetze.gif\" alt=\"\" \/> Sattelst\u00fctze<\/dt>\n<dd class=\"art-name\">Oxygen Scorpo<\/dd>\n<\/dl>\n<dl class=\"closed hasextra\">\n<dt><img decoding=\"async\" src=\"https:\/\/www.stevensbikes.de\/all\/img\/icons\/ausstattung\/schalthebel.gif\" alt=\"\" \/> Schalthebel links<\/dt>\n<dd class=\"art-name\">Shimano Deore<\/dd>\n<\/dl>\n<dl class=\"closed hasextra\">\n<dt><img decoding=\"async\" src=\"https:\/\/www.stevensbikes.de\/all\/img\/icons\/ausstattung\/schalthebel.gif\" alt=\"\" \/> Schalthebel rechts<\/dt>\n<dd class=\"art-name\">Shimano Deore<\/dd>\n<\/dl>\n<dl>\n<dt><img decoding=\"async\" src=\"https:\/\/www.stevensbikes.de\/all\/img\/icons\/ausstattung\/bremshebel.gif\" alt=\"\" \/> Bremshebel<\/dt>\n<dd class=\"art-name\">Shimano BL-T6000<\/dd>\n<\/dl>\n<dl class=\"closed hasextra\">\n<dt><img decoding=\"async\" src=\"https:\/\/www.stevensbikes.de\/all\/img\/icons\/ausstattung\/licht_v.gif\" alt=\"\" \/> Licht vorne<\/dt>\n<dd class=\"art-name\">B+M IQ-XS Friendly T<\/dd>\n<\/dl>\n<dl class=\"closed hasextra\">\n<dt><img decoding=\"async\" src=\"https:\/\/www.stevensbikes.de\/all\/img\/icons\/ausstattung\/licht_h.gif\" alt=\"\" \/> R\u00fccklicht<\/dt>\n<dd class=\"art-name\">B+M Shine Evo<\/dd>\n<\/dl>\n<dl class=\"closed hasextra\">\n<dt><img decoding=\"async\" src=\"https:\/\/www.stevensbikes.de\/all\/img\/icons\/ausstattung\/gtraeger.gif\" alt=\"\" \/> Gep\u00e4cktr\u00e4ger<\/dt>\n<dd class=\"art-name\">Racktime Shine Evo RTA Gep\u00e4cktr\u00e4ger<\/dd>\n<\/dl>\n<dl>\n<dt><img decoding=\"async\" src=\"https:\/\/www.stevensbikes.de\/all\/img\/icons\/ausstattung\/bleche.gif\" alt=\"\" \/> Schutzbleche<\/dt>\n<dd class=\"art-name\">SKS Schutzbleche<\/dd>\n<\/dl>\n<dl class=\"closed hasextra\">\n<dt><img decoding=\"async\" src=\"https:\/\/www.stevensbikes.de\/all\/img\/icons\/ausstattung\/staender.gif\" alt=\"\" \/> St\u00e4nder<\/dt>\n<dd class=\"art-name\">Pletscher Comp St\u00e4nder<\/dd>\n<\/dl>\n<dl>\n<dt><img decoding=\"async\" src=\"https:\/\/www.stevensbikes.de\/all\/img\/icons\/ausstattung\/klingel.gif\" alt=\"\" \/> Klingel<\/dt>\n<dd class=\"art-name\">STEVENS D85 Klingel<\/dd>\n<\/dl>\n<\/section>\n<section class=\"art-group\">\n<h3>Daten<\/h3>\n<dl>\n<dt><img decoding=\"async\" src=\"https:\/\/www.stevensbikes.de\/all\/img\/icons\/ausstattung\/gewicht.gif\" alt=\"\" \/> Gewicht<\/dt>\n<dd class=\"art-name\">14,9 kg<\/dd>\n<\/dl>\n<dl>\n<dt><img decoding=\"async\" src=\"https:\/\/www.stevensbikes.de\/all\/img\/icons\/ausstattung\/gewicht.gif\" alt=\"\" \/> Zul. Gesamtgewicht<\/dt>\n<dd class=\"art-name\">130 kg<\/dd>\n<\/dl>\n<\/section>\n<\/div>\n","protected":false},"excerpt":{"rendered":"<p>F\u00fcr Freude am Fahren. Wenn ein Sport-Tourer Komfort, Effizienz und Eleganz in sich vereint, dann stammt er aus dem Hause STEVENS. Dann garantieren seine bew\u00e4hrten Komponenten f\u00fcr jahrelange Zuverl\u00e4ssigkeit und ungetr\u00fcbte Funktionalit\u00e4t. Und dann lassen Sie jedes andere Verkehrsmittel immer h\u00e4ufiger stehen. Wetten, dass? Komfortabler Sport-Tourer mit lenkpr\u00e4zisem Aluminiumrahmen SR Suntour-Luftfedergabel mit Lockout-Funktion Wertiger und [&hellip;]<\/p>\n","protected":false},"featured_media":833,"template":"","meta":[],"product_brand":[],"product_cat":[22],"product_tag":[28],"class_list":{"0":"post-810","1":"product","2":"type-product","3":"status-publish","4":"has-post-thumbnail","6":"product_cat-stevens","7":"product_tag-28","9":"first","10":"instock","11":"taxable","12":"shipping-taxable","13":"purchasable","14":"product-type-simple"},"_links":{"self":[{"href":"https:\/\/grupetto.de\/shop\/wp-json\/wp\/v2\/product\/810","targetHints":{"allow":["GET"]}}],"collection":[{"href":"https:\/\/grupetto.de\/shop\/wp-json\/wp\/v2\/product"}],"about":[{"href":"https:\/\/grupetto.de\/shop\/wp-json\/wp\/v2\/types\/product"}],"wp:featuredmedia":[{"embeddable":true,"href":"https:\/\/grupetto.de\/shop\/wp-json\/wp\/v2\/media\/833"}],"wp:attachment":[{"href":"https:\/\/grupetto.de\/shop\/wp-json\/wp\/v2\/media?parent=810"}],"wp:term":[{"taxonomy":"product_brand","embeddable":true,"href":"https:\/\/grupetto.de\/shop\/wp-json\/wp\/v2\/product_brand?post=810"},{"taxonomy":"product_cat","embeddable":true,"href":"https:\/\/grupetto.de\/shop\/wp-json\/wp\/v2\/product_cat?post=810"},{"taxonomy":"product_tag","embeddable":true,"href":"https:\/\/grupetto.de\/shop\/wp-json\/wp\/v2\/product_tag?post=810"}],"curies":[{"name":"wp","href":"https:\/\/api.w.org\/{rel}","templated":true}]}}