{"id":722,"date":"2024-01-26T13:07:34","date_gmt":"2024-01-26T12:07:34","guid":{"rendered":"https:\/\/grupetto.de\/shop\/fahrrad\/unkategorisiert\/cube-cubie-160-rt\/"},"modified":"2026-03-23T19:07:16","modified_gmt":"2026-03-23T18:07:16","slug":"cube-cubie-160-rt","status":"publish","type":"product","link":"https:\/\/grupetto.de\/shop\/fahrrad\/cube\/cube-cubie-160-rt\/","title":{"rendered":"Cube Cubie 160 RT"},"content":{"rendered":"<div class=\"col-12 col-lg-5\">\n<h2>JUNIOR PEDAL<br \/>\nPOWER<\/h2>\n<\/div>\n<div class=\"col-12 col-lg-6 offset-lg-1\">\n<p class=\"description\">Genau wie unsere Erwachsenenmodelle pr\u00e4sentiert sich auch das Cubie 160 RT als gelungene Kombination aus Fahrspa\u00df und reaktionsfreudigem Handling, au\u00dferdem hoher Stabilit\u00e4t, Lenkpr\u00e4zision und Spurtreue. Belege daf\u00fcr liefern die erstklassigen Ergebnisse unserer strengen Testverfahren. Wir haben die Kanten des leichten Rahmens aus 6061er-Aluminium sicherheitshalber abgerundet, um das Verletzungsrisiko zu minimieren. Was aber keinerlei Einbu\u00dfen in Sachen Robustheit bedeutet: Selbst wilde Man\u00f6ver steckt dieses Chassis locker weg. Selbstverst\u00e4ndlich gibt es das Modell in mehreren Farben, damit jeder kleine Biker das Cubie 160 findet, das seinen Vorlieben und Vorstellungen entspricht.<\/p>\n<div class=\"section\">\n<h2 class=\"section-title\">Rahmen<\/h2>\n<div class=\"table-row row no-gutters\">\n<div class=\"col-5 col-md-3 col-lg-2\">\n<h4 class=\"title\">Rahmen<\/h4>\n<\/div>\n<div class=\"col-7 col-md-9 col-lg-10\">\n<p class=\"mb-0\">Aluminium Lite 6061<\/p>\n<\/div>\n<\/div>\n<div class=\"table-row row no-gutters\">\n<div class=\"col-5 col-md-3 col-lg-2\">\n<h4 class=\"title\">Gr\u00f6\u00dfe<\/h4>\n<\/div>\n<div class=\"col-7 col-md-9 col-lg-10\">\n<p class=\"mb-0\">16&#8243;<\/p>\n<\/div>\n<\/div>\n<div class=\"table-row row no-gutters\">\n<div class=\"col-5 col-md-3 col-lg-2\">\n<h4 class=\"title\">Starrgabel<\/h4>\n<\/div>\n<div class=\"col-7 col-md-9 col-lg-10\">\n<p class=\"mb-0\">Rigid Hi-Ten fork<\/p>\n<\/div>\n<\/div>\n<\/div>\n<div class=\"section\">\n<h2 class=\"section-title\">Antrieb &amp; Bremse<\/h2>\n<div class=\"table-row row no-gutters\">\n<div class=\"col-5 col-md-3 col-lg-2\">\n<h4 class=\"title\">Bremsanlage<\/h4>\n<\/div>\n<div class=\"col-7 col-md-9 col-lg-10\">\n<p class=\"mb-0\">Front: Alloy Cantilever, Rear: Coaster Brake<\/p>\n<\/div>\n<\/div>\n<div class=\"table-row row no-gutters\">\n<div class=\"col-5 col-md-3 col-lg-2\">\n<h4 class=\"title\">Kurbelgarnitur<\/h4>\n<\/div>\n<div class=\"col-7 col-md-9 col-lg-10\">\n<p class=\"mb-0\">Samox, 25T, 114mm with Chainlooper<\/p>\n<\/div>\n<\/div>\n<div class=\"table-row row no-gutters\">\n<div class=\"col-5 col-md-3 col-lg-2\">\n<h4 class=\"title\">Kette<\/h4>\n<\/div>\n<div class=\"col-7 col-md-9 col-lg-10\">\n<p class=\"mb-0\">KMC S1<\/p>\n<\/div>\n<\/div>\n<\/div>\n<div class=\"section\">\n<h2 class=\"section-title\">Cockpit<\/h2>\n<div class=\"table-row row no-gutters\">\n<div class=\"col-5 col-md-3 col-lg-2\">\n<h4 class=\"title\">Steuersatz<\/h4>\n<\/div>\n<div class=\"col-7 col-md-9 col-lg-10\">\n<p class=\"mb-0\">CUBE A-Headset<\/p>\n<\/div>\n<\/div>\n<div class=\"table-row row no-gutters\">\n<div class=\"col-5 col-md-3 col-lg-2\">\n<h4 class=\"title\">Vorbau<\/h4>\n<\/div>\n<div class=\"col-7 col-md-9 col-lg-10\">\n<p class=\"mb-0\">CUBE Aluminium Lite<\/p>\n<\/div>\n<\/div>\n<div class=\"table-row row no-gutters\">\n<div class=\"col-5 col-md-3 col-lg-2\">\n<h4 class=\"title\">Lenker<\/h4>\n<\/div>\n<div class=\"col-7 col-md-9 col-lg-10\">\n<p class=\"mb-0\">CUBE Aluminium Lite, 450mm<\/p>\n<\/div>\n<\/div>\n<div class=\"table-row row no-gutters\">\n<div class=\"col-5 col-md-3 col-lg-2\">\n<h4 class=\"title\">Griffe<\/h4>\n<\/div>\n<div class=\"col-7 col-md-9 col-lg-10\">\n<p class=\"mb-0\">CUBE Kid Grips<\/p>\n<\/div>\n<\/div>\n<\/div>\n<div class=\"section\">\n<h2 class=\"section-title\">Laufr\u00e4der<\/h2>\n<div class=\"table-row row no-gutters\">\n<div class=\"col-5 col-md-3 col-lg-2\">\n<h4 class=\"title\">Felgen<\/h4>\n<\/div>\n<div class=\"col-7 col-md-9 col-lg-10\">\n<p class=\"mb-0\">Aluminium<\/p>\n<\/div>\n<\/div>\n<div class=\"table-row row no-gutters\">\n<div class=\"col-5 col-md-3 col-lg-2\">\n<h4 class=\"title\">Vorderrad Nabe<\/h4>\n<\/div>\n<div class=\"col-7 col-md-9 col-lg-10\">\n<p class=\"mb-0\">CUBE Aluminium<\/p>\n<\/div>\n<\/div>\n<div class=\"table-row row no-gutters\">\n<div class=\"col-5 col-md-3 col-lg-2\">\n<h4 class=\"title\">Hinterrad Nabe<\/h4>\n<\/div>\n<div class=\"col-7 col-md-9 col-lg-10\">\n<p class=\"mb-0\">CUBE Aluminium<\/p>\n<\/div>\n<\/div>\n<div class=\"table-row row no-gutters\">\n<div class=\"col-5 col-md-3 col-lg-2\">\n<h4 class=\"title\">Reifen<\/h4>\n<\/div>\n<div class=\"col-7 col-md-9 col-lg-10\">\n<p class=\"mb-0\">CUBE IMPAC Streetpac 1.75<\/p>\n<\/div>\n<\/div>\n<\/div>\n<div class=\"section\">\n<h2 class=\"section-title\">Ausstattung<\/h2>\n<div class=\"table-row row no-gutters\">\n<div class=\"col-5 col-md-3 col-lg-2\">\n<h4 class=\"title\">Sattel<\/h4>\n<\/div>\n<div class=\"col-7 col-md-9 col-lg-10\">\n<p class=\"mb-0\">CUBE Kid<\/p>\n<\/div>\n<\/div>\n<div class=\"table-row row no-gutters\">\n<div class=\"col-5 col-md-3 col-lg-2\">\n<h4 class=\"title\">Sattelst\u00fctze<\/h4>\n<\/div>\n<div class=\"col-7 col-md-9 col-lg-10\">\n<p class=\"mb-0\">CUBE Aluminium Lite<\/p>\n<\/div>\n<\/div>\n<div class=\"table-row row no-gutters\">\n<div class=\"col-5 col-md-3 col-lg-2\">\n<h4 class=\"title\">Pedale<\/h4>\n<\/div>\n<div class=\"col-7 col-md-9 col-lg-10\">\n<p class=\"mb-0\">CUBE Kid<\/p>\n<\/div>\n<\/div>\n<div class=\"table-row row no-gutters\">\n<div class=\"col-5 col-md-3 col-lg-2\">\n<h4 class=\"title\">Glocke<\/h4>\n<\/div>\n<div class=\"col-7 col-md-9 col-lg-10\">\n<p class=\"mb-0\">Nuvo<\/p>\n<\/div>\n<\/div>\n<div class=\"table-row row no-gutters\">\n<div class=\"col-5 col-md-3 col-lg-2\">\n<h4 class=\"title\">Extras<\/h4>\n<\/div>\n<div class=\"col-7 col-md-9 col-lg-10\">\n<p class=\"mb-0\">Reflector Set, Training Wheels<\/p>\n<\/div>\n<\/div>\n<\/div>\n<div class=\"section\">\n<h2 class=\"section-title\">Artikelinformationen<\/h2>\n<div class=\"table-row row no-gutters\">\n<div class=\"col-5 col-md-3 col-lg-2\">\n<h4 class=\"title\">Farbe<\/h4>\n<\/div>\n<div class=\"col-7 col-md-9 col-lg-10\">\n<p class=\"mb-0\">green\u00b4n\u00b4black<\/p>\n<\/div>\n<\/div>\n<div class=\"table-row row no-gutters\">\n<div class=\"col-5 col-md-3 col-lg-2\">\n<h4 class=\"title\">Gewicht<\/h4>\n<\/div>\n<div class=\"col-7 col-md-9 col-lg-10\">\n<p class=\"mb-0\">7,4 kg<\/p>\n<\/div>\n<\/div>\n<\/div>\n<\/div>\n","protected":false},"excerpt":{"rendered":"<p>JUNIOR PEDAL POWER Genau wie unsere Erwachsenenmodelle pr\u00e4sentiert sich auch das Cubie 160 RT als gelungene Kombination aus Fahrspa\u00df und reaktionsfreudigem Handling, au\u00dferdem hoher Stabilit\u00e4t, Lenkpr\u00e4zision und Spurtreue. Belege daf\u00fcr liefern die erstklassigen Ergebnisse unserer strengen Testverfahren. Wir haben die Kanten des leichten Rahmens aus 6061er-Aluminium sicherheitshalber abgerundet, um das Verletzungsrisiko zu minimieren. Was aber [&hellip;]<\/p>\n","protected":false},"featured_media":763,"template":"","meta":[],"product_brand":[],"product_cat":[18],"product_tag":[],"class_list":{"0":"post-722","1":"product","2":"type-product","3":"status-publish","4":"has-post-thumbnail","6":"product_cat-cube","8":"first","9":"instock","10":"taxable","11":"shipping-taxable","12":"purchasable","13":"product-type-simple"},"_links":{"self":[{"href":"https:\/\/grupetto.de\/shop\/wp-json\/wp\/v2\/product\/722","targetHints":{"allow":["GET"]}}],"collection":[{"href":"https:\/\/grupetto.de\/shop\/wp-json\/wp\/v2\/product"}],"about":[{"href":"https:\/\/grupetto.de\/shop\/wp-json\/wp\/v2\/types\/product"}],"wp:featuredmedia":[{"embeddable":true,"href":"https:\/\/grupetto.de\/shop\/wp-json\/wp\/v2\/media\/763"}],"wp:attachment":[{"href":"https:\/\/grupetto.de\/shop\/wp-json\/wp\/v2\/media?parent=722"}],"wp:term":[{"taxonomy":"product_brand","embeddable":true,"href":"https:\/\/grupetto.de\/shop\/wp-json\/wp\/v2\/product_brand?post=722"},{"taxonomy":"product_cat","embeddable":true,"href":"https:\/\/grupetto.de\/shop\/wp-json\/wp\/v2\/product_cat?post=722"},{"taxonomy":"product_tag","embeddable":true,"href":"https:\/\/grupetto.de\/shop\/wp-json\/wp\/v2\/product_tag?post=722"}],"curies":[{"name":"wp","href":"https:\/\/api.w.org\/{rel}","templated":true}]}}