{"id":706,"date":"2024-01-26T13:07:24","date_gmt":"2024-01-26T12:07:24","guid":{"rendered":"https:\/\/grupetto.de\/shop\/fahrrad\/unkategorisiert\/l200-sport-11gg-deore-size-55cm-eco-grey\/"},"modified":"2025-06-02T23:07:16","modified_gmt":"2025-06-02T21:07:16","slug":"l200-sport-11gg-deore-size-55cm-eco-grey","status":"publish","type":"product","link":"https:\/\/grupetto.de\/shop\/fahrrad\/velo-de-ville\/l200-sport-11gg-deore-size-55cm-eco-grey\/","title":{"rendered":"L200 Sport 11Gg Deore &#8211; Size: 55cm &#8211; Eco Grey"},"content":{"rendered":"<div class=\"col-lg-6 d-flex px-md-5 py-1\">\n<div class=\"review-question\"><strong>RAHMENFORM<\/strong><\/div>\n<div class=\"review-answer\">Diamant Sport<\/div>\n<\/div>\n<div class=\"col-lg-6 d-flex px-md-5 py-1\">\n<div class=\"review-question\"><strong>RAHMENH\u00d6HE<\/strong><\/div>\n<div class=\"review-answer\">55 cm<\/div>\n<\/div>\n<div class=\"col-lg-6 d-flex px-md-5 py-1\">\n<div class=\"review-question\"><strong>RAHMENFARBE<\/strong><\/div>\n<div class=\"review-answer\">ECO Grey<\/div>\n<\/div>\n<div class=\"col-lg-6 d-flex px-md-5 py-1\">\n<div class=\"review-question\"><strong>DEKOR<\/strong><\/div>\n<div class=\"review-answer\">VDV Wei\u00df<\/div>\n<\/div>\n<div class=\"col-lg-6 d-flex px-md-5 py-1\">\n<div class=\"review-question\"><strong>ANTRIEB<\/strong><\/div>\n<div class=\"review-answer\">Kette<\/div>\n<\/div>\n<div class=\"col-lg-6 d-flex px-md-5 py-1\">\n<div class=\"review-question\"><strong>GABEL<\/strong><\/div>\n<div class=\"review-answer\">Alu Big Disc in Rahmenfarbe<\/div>\n<\/div>\n<div class=\"col-lg-6 d-flex px-md-5 py-1\">\n<div class=\"review-question\"><strong>VORBAU<\/strong><\/div>\n<div class=\"review-answer\">Ergotec Barracuda 90 Ahead<\/div>\n<\/div>\n<div class=\"col-lg-6 d-flex px-md-5 py-1\">\n<div class=\"review-question\"><strong>LENKER<\/strong><\/div>\n<div class=\"review-answer\">Ergotec Riser<\/div>\n<\/div>\n<div class=\"col-lg-6 d-flex px-md-5 py-1\">\n<div class=\"review-question\"><strong>LENKERGRIFFE<\/strong><\/div>\n<div class=\"review-answer\">Ergotec Active Flex<\/div>\n<\/div>\n<div class=\"col-lg-6 d-flex px-md-5 py-1\">\n<div class=\"review-question\"><strong>BEREIFUNG<\/strong><\/div>\n<div class=\"review-answer\">Schwalbe Tyrago Light 37-622<\/div>\n<div class=\"review-component-price text-right\"><\/div>\n<\/div>\n<div class=\"col-lg-6 d-flex px-md-5 py-1\">\n<div class=\"review-question\"><strong>BREMSEN<\/strong><\/div>\n<div class=\"review-answer\">Shimano Disc MT200<\/div>\n<\/div>\n<div class=\"col-lg-6 d-flex px-md-5 py-1\">\n<div class=\"review-question\"><strong>DYNAMO<\/strong><\/div>\n<div class=\"review-answer\">Shimano DH3D37 QR<\/div>\n<\/div>\n<div class=\"col-lg-6 d-flex px-md-5 py-1\">\n<div class=\"review-question\"><strong>SCHEINWERFER<\/strong><\/div>\n<div class=\"review-answer\">Busch&amp;M\u00fcller Dopp (35 Lux)<\/div>\n<\/div>\n<div class=\"col-lg-6 d-flex px-md-5 py-1\">\n<div class=\"review-question\"><strong>R\u00dcCKLICHT<\/strong><\/div>\n<div class=\"review-answer\">Axa Juno<\/div>\n<\/div>\n<div class=\"col-lg-6 d-flex px-md-5 py-1\">\n<div class=\"review-question\"><strong>SATTELST\u00dcTZE<\/strong><\/div>\n<div class=\"review-answer\">Ergotec Patent SP 602, starr<\/div>\n<div class=\"review-component-price text-right\"><\/div>\n<\/div>\n<div class=\"col-lg-6 d-flex px-md-5 py-1\">\n<div class=\"review-question\"><strong>SATTEL<\/strong><\/div>\n<div class=\"review-answer\">Selle Royal Explora Moderate<\/div>\n<\/div>\n<div class=\"col-lg-6 d-flex px-md-5 py-1\">\n<div class=\"review-question\"><strong>PEDALE<\/strong><\/div>\n<div class=\"review-answer\">Alu MTB \/ Cross<\/div>\n<\/div>\n<div class=\"col-lg-6 d-flex px-md-5 py-1\">\n<div class=\"review-question\"><strong>GEP\u00c4CKTR\u00c4GER<\/strong><\/div>\n<div class=\"review-answer\">VDV Light Sport<\/div>\n<\/div>\n","protected":false},"excerpt":{"rendered":"<p>RAHMENFORM Diamant Sport RAHMENH\u00d6HE 55 cm RAHMENFARBE ECO Grey DEKOR VDV Wei\u00df ANTRIEB Kette GABEL Alu Big Disc in Rahmenfarbe VORBAU Ergotec Barracuda 90 Ahead LENKER Ergotec Riser LENKERGRIFFE Ergotec Active Flex BEREIFUNG Schwalbe Tyrago Light 37-622 BREMSEN Shimano Disc MT200 DYNAMO Shimano DH3D37 QR SCHEINWERFER Busch&amp;M\u00fcller Dopp (35 Lux) R\u00dcCKLICHT Axa Juno SATTELST\u00dcTZE Ergotec [&hellip;]<\/p>\n","protected":false},"featured_media":789,"template":"","meta":[],"product_brand":[],"product_cat":[17],"product_tag":[25],"class_list":{"0":"post-706","1":"product","2":"type-product","3":"status-publish","4":"has-post-thumbnail","6":"product_cat-velo-de-ville","7":"product_tag-25","9":"first","10":"instock","11":"taxable","12":"shipping-taxable","13":"purchasable","14":"product-type-simple"},"_links":{"self":[{"href":"https:\/\/grupetto.de\/shop\/wp-json\/wp\/v2\/product\/706","targetHints":{"allow":["GET"]}}],"collection":[{"href":"https:\/\/grupetto.de\/shop\/wp-json\/wp\/v2\/product"}],"about":[{"href":"https:\/\/grupetto.de\/shop\/wp-json\/wp\/v2\/types\/product"}],"wp:featuredmedia":[{"embeddable":true,"href":"https:\/\/grupetto.de\/shop\/wp-json\/wp\/v2\/media\/789"}],"wp:attachment":[{"href":"https:\/\/grupetto.de\/shop\/wp-json\/wp\/v2\/media?parent=706"}],"wp:term":[{"taxonomy":"product_brand","embeddable":true,"href":"https:\/\/grupetto.de\/shop\/wp-json\/wp\/v2\/product_brand?post=706"},{"taxonomy":"product_cat","embeddable":true,"href":"https:\/\/grupetto.de\/shop\/wp-json\/wp\/v2\/product_cat?post=706"},{"taxonomy":"product_tag","embeddable":true,"href":"https:\/\/grupetto.de\/shop\/wp-json\/wp\/v2\/product_tag?post=706"}],"curies":[{"name":"wp","href":"https:\/\/api.w.org\/{rel}","templated":true}]}}