{"id":429,"date":"2024-01-12T19:07:32","date_gmt":"2024-01-12T18:07:32","guid":{"rendered":"https:\/\/grupetto.de\/shop\/fahrrad\/unkategorisiert\/cross-prestige-23-61-storm-grey\/"},"modified":"2025-06-02T23:08:04","modified_gmt":"2025-06-02T21:08:04","slug":"cross-prestige-23-61-storm-grey","status":"publish","type":"product","link":"https:\/\/grupetto.de\/shop\/fahrrad\/stevens\/cross-prestige-23-61-storm-grey\/","title":{"rendered":"Cross Prestige 23 61 Storm Grey"},"content":{"rendered":"<div id=\"bikedescription\">\n<h2>Die beste Art frei zu sein \u2026<\/h2>\n<p>\u2026 hei\u00dft Gravel-Biking: Hier stehen Tourenspa\u00df und Abenteuer fernab von Autos und Asphalt im Vordergrund. Also verf\u00fcgt das STEVENS Prestige \u00fcber eine innovative Geometrie mit l\u00e4ngerem Radstand und deutlich mehr Reifenfreiheit (45 mm!) als bei unseren Gel\u00e4nde-Rennmaschinen. Zahlreiche Gewinde\u00f6sen an Rahmen und Gabel dienen als Basis f\u00fcr die Anbringung von Pack-Optionen. Und der Aluminiumrahmen mit Steckachsen vorne und hinten sowie die extra robusten Schaltkomponenten und Flatmount-Scheibenbremsen aus Shimanos GRX-Gruppe sind auf ausdauernden Fahrspa\u00df, pr\u00e4zises Handling und jederzeit Vertrauen erweckende Fahrsicherheit ausgelegt.<\/p>\n<\/div>\n<ul id=\"highlights\">\n<li>Gravel Bike mit l\u00e4ngerem Radstand (Laufruhe!) &amp; viel Reifenfreiheit (Komfort!)<\/li>\n<li>Aluminiumgabel mit Tapered Steerer, Steckachse und Bikepacking-Gewinde\u00f6sen<\/li>\n<li>Shimano GRX\/FSA 2x11fach-Gravel-Antrieb plus hydraulische GRX Flatmount-Scheibenbremsen<\/li>\n<li>Fulcrum Rapid Red-Laufradsatz plus schnelle Schwalbe G-One Bite-Faltreifen<\/li>\n<\/ul>\n<h2 class=\"h1\">Ausstattung<\/h2>\n<p>&nbsp;<\/p>\n<div class=\"specs grid\">\n<section class=\"art-group\">\n<h3>Chassis<\/h3>\n<dl class=\"closed hasextra\">\n<dt><img decoding=\"async\" src=\"https:\/\/www.stevensbikes.de\/all\/img\/icons\/ausstattung\/rohrmaterial.gif\" alt=\"\" \/> Rahmen<\/dt>\n<dd class=\"art-name\">Aluminium 6061 TB<\/dd>\n<\/dl>\n<dl class=\"closed hasextra\">\n<dt><img decoding=\"async\" src=\"https:\/\/www.stevensbikes.de\/all\/img\/icons\/ausstattung\/gabel.gif\" alt=\"\" \/> Gabel<\/dt>\n<dd class=\"art-name\">STEVENS S-Lite Aluminium<\/dd>\n<\/dl>\n<dl class=\"closed hasextra\">\n<dt><img decoding=\"async\" src=\"https:\/\/www.stevensbikes.de\/all\/img\/icons\/ausstattung\/steuersatz.gif\" alt=\"\" \/> Steuersatz<\/dt>\n<dd class=\"art-name\">STEVENS Race Taper 1 1\/8&#8243;-1 1\/2&#8243;<\/dd>\n<\/dl>\n<dl class=\"closed hasextra\">\n<dt><img decoding=\"async\" src=\"https:\/\/www.stevensbikes.de\/all\/img\/icons\/ausstattung\/bremse.gif\" alt=\"\" \/> Bremse vorne<\/dt>\n<dd class=\"art-name\">Shimano GRX 400<\/dd>\n<\/dl>\n<dl class=\"closed hasextra\">\n<dt><img decoding=\"async\" src=\"https:\/\/www.stevensbikes.de\/all\/img\/icons\/ausstattung\/bremse.gif\" alt=\"\" \/> Bremse hinten<\/dt>\n<dd class=\"art-name\">Shimano GRX 400<\/dd>\n<\/dl>\n<dl class=\"closed hasextra\">\n<dt><img decoding=\"async\" src=\"https:\/\/www.stevensbikes.de\/all\/img\/icons\/ausstattung\/disc.gif\" alt=\"\" \/> Bremsscheiben<\/dt>\n<dd class=\"art-name\">Shimano SM-RT70<\/dd>\n<\/dl>\n<\/section>\n<section class=\"art-group\">\n<h3>Antrieb<\/h3>\n<dl class=\"closed hasextra\">\n<dt><img decoding=\"async\" src=\"https:\/\/www.stevensbikes.de\/all\/img\/icons\/ausstattung\/kurbel.gif\" alt=\"\" \/> Kurbelsatz<\/dt>\n<dd class=\"art-name\">FSA Gossamer Pro<\/dd>\n<\/dl>\n<dl class=\"closed hasextra\">\n<dt><img decoding=\"async\" src=\"https:\/\/www.stevensbikes.de\/all\/img\/icons\/ausstattung\/schaltungv.gif\" alt=\"\" \/> Umwerfer vorne<\/dt>\n<dd class=\"art-name\">Shimano GRX 810<\/dd>\n<\/dl>\n<dl class=\"closed hasextra\">\n<dt><img decoding=\"async\" src=\"https:\/\/www.stevensbikes.de\/all\/img\/icons\/ausstattung\/schaltungh.gif\" alt=\"\" \/> Schaltung hinten<\/dt>\n<dd class=\"art-name\">Shimano GRX 810<\/dd>\n<\/dl>\n<dl>\n<dt><img decoding=\"async\" src=\"https:\/\/www.stevensbikes.de\/all\/img\/icons\/ausstattung\/kette.gif\" alt=\"\" \/> Kette<\/dt>\n<dd class=\"art-name\">Shimano CN-HG601<\/dd>\n<\/dl>\n<dl class=\"closed hasextra\">\n<dt><img decoding=\"async\" src=\"https:\/\/www.stevensbikes.de\/all\/img\/icons\/ausstattung\/ritzel.gif\" alt=\"\" \/> Kassette<\/dt>\n<dd class=\"art-name\">Shimano CS-HG700<\/dd>\n<\/dl>\n<\/section>\n<section class=\"art-group\">\n<h3>Laufr\u00e4der<\/h3>\n<dl class=\"closed hasextra\">\n<dt><img decoding=\"async\" src=\"https:\/\/www.stevensbikes.de\/all\/img\/icons\/ausstattung\/laufrad.gif\" alt=\"\" \/> Systemlaufr\u00e4der<\/dt>\n<dd class=\"art-name\">Fulcrum Rapid Red 900 DB<\/dd>\n<\/dl>\n<dl class=\"closed hasextra\">\n<dt><img decoding=\"async\" src=\"https:\/\/www.stevensbikes.de\/all\/img\/icons\/ausstattung\/reifen.gif\" alt=\"\" \/> Reifen<\/dt>\n<dd class=\"art-name\">Schwalbe G-One Bite RaceGuard<\/dd>\n<\/dl>\n<\/section>\n<section class=\"art-group\">\n<h3>Cockpit<\/h3>\n<dl class=\"closed hasextra\">\n<dt><img decoding=\"async\" src=\"https:\/\/www.stevensbikes.de\/all\/img\/icons\/ausstattung\/lenker.gif\" alt=\"\" \/> Lenker<\/dt>\n<dd class=\"art-name\">Oxygen Scorpo Aero Gravel<\/dd>\n<\/dl>\n<dl class=\"closed hasextra\">\n<dt><img decoding=\"async\" src=\"https:\/\/www.stevensbikes.de\/all\/img\/icons\/ausstattung\/vorbau.gif\" alt=\"\" \/> Vorbau<\/dt>\n<dd class=\"art-name\">Oxygen Scorpo Road<\/dd>\n<\/dl>\n<dl>\n<dt><img decoding=\"async\" src=\"https:\/\/www.stevensbikes.de\/all\/img\/icons\/ausstattung\/sattel.gif\" alt=\"\" \/> Sattel<\/dt>\n<dd class=\"art-name\">Oxygen Triton<\/dd>\n<\/dl>\n<dl class=\"closed hasextra\">\n<dt><img decoding=\"async\" src=\"https:\/\/www.stevensbikes.de\/all\/img\/icons\/ausstattung\/sstuetze.gif\" alt=\"\" \/> Sattelst\u00fctze<\/dt>\n<dd class=\"art-name\">Oxygen Scorpo<\/dd>\n<\/dl>\n<dl class=\"closed hasextra\">\n<dt><img decoding=\"async\" src=\"https:\/\/www.stevensbikes.de\/all\/img\/icons\/ausstattung\/bremshebel.gif\" alt=\"\" \/> Schalt-Bremshebel links<\/dt>\n<dd class=\"art-name\">Shimano GRX 600 STI<\/dd>\n<\/dl>\n<dl class=\"closed hasextra\">\n<dt><img decoding=\"async\" src=\"https:\/\/www.stevensbikes.de\/all\/img\/icons\/ausstattung\/bremshebel.gif\" alt=\"\" \/> Schalt-Bremshebel rechts<\/dt>\n<dd class=\"art-name\">Shimano GRX 600 STI<\/dd>\n<\/dl>\n<\/section>\n<section class=\"art-group\">\n<h3>Daten<\/h3>\n<dl>\n<dt><img decoding=\"async\" src=\"https:\/\/www.stevensbikes.de\/all\/img\/icons\/ausstattung\/gewicht.gif\" alt=\"\" \/> Gewicht<\/dt>\n<dd class=\"art-name\">10,5 kg<\/dd>\n<\/dl>\n<dl>\n<dt><img decoding=\"async\" src=\"https:\/\/www.stevensbikes.de\/all\/img\/icons\/ausstattung\/gewicht.gif\" alt=\"\" \/> Zul. Gesamtgewicht<\/dt>\n<dd class=\"art-name\">130 kg<\/dd>\n<\/dl>\n<dl>\n<dt><img decoding=\"async\" src=\"https:\/\/www.stevensbikes.de\/all\/img\/icons\/ausstattung\/farbe.gif\" alt=\"\" \/> Farbe(n)<\/dt>\n<dd class=\"art-name\">Silk Blue | Storm Grey<\/dd>\n<\/dl>\n<\/section>\n<\/div>\n","protected":false},"excerpt":{"rendered":"<p>Die beste Art frei zu sein \u2026 \u2026 hei\u00dft Gravel-Biking: Hier stehen Tourenspa\u00df und Abenteuer fernab von Autos und Asphalt im Vordergrund. Also verf\u00fcgt das STEVENS Prestige \u00fcber eine innovative Geometrie mit l\u00e4ngerem Radstand und deutlich mehr Reifenfreiheit (45 mm!) als bei unseren Gel\u00e4nde-Rennmaschinen. Zahlreiche Gewinde\u00f6sen an Rahmen und Gabel dienen als Basis f\u00fcr die [&hellip;]<\/p>\n","protected":false},"featured_media":501,"template":"","meta":[],"product_brand":[],"product_cat":[22],"product_tag":[28],"class_list":{"0":"post-429","1":"product","2":"type-product","3":"status-publish","4":"has-post-thumbnail","6":"product_cat-stevens","7":"product_tag-28","8":"product_shipping_class-abholung","10":"first","11":"instock","12":"taxable","13":"shipping-taxable","14":"purchasable","15":"product-type-simple"},"_links":{"self":[{"href":"https:\/\/grupetto.de\/shop\/wp-json\/wp\/v2\/product\/429","targetHints":{"allow":["GET"]}}],"collection":[{"href":"https:\/\/grupetto.de\/shop\/wp-json\/wp\/v2\/product"}],"about":[{"href":"https:\/\/grupetto.de\/shop\/wp-json\/wp\/v2\/types\/product"}],"wp:featuredmedia":[{"embeddable":true,"href":"https:\/\/grupetto.de\/shop\/wp-json\/wp\/v2\/media\/501"}],"wp:attachment":[{"href":"https:\/\/grupetto.de\/shop\/wp-json\/wp\/v2\/media?parent=429"}],"wp:term":[{"taxonomy":"product_brand","embeddable":true,"href":"https:\/\/grupetto.de\/shop\/wp-json\/wp\/v2\/product_brand?post=429"},{"taxonomy":"product_cat","embeddable":true,"href":"https:\/\/grupetto.de\/shop\/wp-json\/wp\/v2\/product_cat?post=429"},{"taxonomy":"product_tag","embeddable":true,"href":"https:\/\/grupetto.de\/shop\/wp-json\/wp\/v2\/product_tag?post=429"}],"curies":[{"name":"wp","href":"https:\/\/api.w.org\/{rel}","templated":true}]}}