{"id":419,"date":"2024-01-12T19:07:27","date_gmt":"2024-01-12T18:07:27","guid":{"rendered":"https:\/\/grupetto.de\/shop\/fahrrad\/unkategorisiert\/cross-vapor-211-22-62-classic-silver\/"},"modified":"2025-06-02T23:07:17","modified_gmt":"2025-06-02T21:07:17","slug":"cross-vapor-211-22-62-classic-silver","status":"publish","type":"product","link":"https:\/\/grupetto.de\/shop\/fahrrad\/stevens\/cross-vapor-211-22-62-classic-silver\/","title":{"rendered":"Cross Vapor 2*11 22 62 Classic Silver"},"content":{"rendered":"<div id=\"bike-text\">\n<div id=\"bikedescription\">\n<h2>Schneller. Aber sicher.<\/h2>\n<p>Wir haben unseren Top-Crosser mit Aluminiumrahmen weiter verfeinert, damit Sie im Wettkampf wie im Alltag mehr Speed UND mehr Kontrolle genie\u00dfen. Die Vollcarbongabel mit konischem Schaftrohr (1.5&#8243;!) steckt die Kraft der Flatmount-Scheibenbremsen locker weg und kann mit Schutzblechen aufger\u00fcstet werden. Der extra robuste Shimano GRX 2x11fach-Antrieb sorgt daf\u00fcr, dass den DT Swiss-Laufr\u00e4dern \u2013 mit Steckachsen perfekt fixiert \u2013 und Schwalbe X-One Allround-Pneus niemals der Schwung ausgeht. Mit dieser vielseitigen Fahrmaschine kommen Sie schneller, sicherer, leichter, weiter.<\/p>\n<\/div>\n<ul id=\"highlights\">\n<li>Innovativer Aluminium-Crosser mit Flatmount-Bremsaufnahmen &amp; 12mm-Steckachsen vorne+hinten<\/li>\n<li>Leichte Vollcarbon-Gabel mit Schutzblech-\u00d6sen<\/li>\n<li>Shimano GRX 2x11fach-Cyclocross-Antrieb<\/li>\n<li>Shimano GRX Hydraulik-Scheibenbremsen<\/li>\n<li>Komfortable und aerodynamische DT Swiss Endurance Laufr\u00e4der<\/li>\n<\/ul>\n<h2 class=\"h1\">Ausstattung<\/h2>\n<p>&nbsp;<\/p>\n<div class=\"specs grid\">\n<section class=\"art-group\">\n<h3>Chassis<\/h3>\n<dl class=\"closed hasextra\">\n<dt><img decoding=\"async\" src=\"https:\/\/www.stevensbikes.de\/all\/img\/icons\/ausstattung\/rohrmaterial.gif\" alt=\"\" \/> Rahmen<\/dt>\n<dd class=\"art-name\">Aluminium SL 7005 TB<\/dd>\n<\/dl>\n<dl class=\"closed hasextra\">\n<dt><img decoding=\"async\" src=\"https:\/\/www.stevensbikes.de\/all\/img\/icons\/ausstattung\/gabel.gif\" alt=\"\" \/> Gabel<\/dt>\n<dd class=\"art-name\">STEVENS Full Carbon SL HMF<\/dd>\n<\/dl>\n<dl class=\"closed hasextra\">\n<dt><img decoding=\"async\" src=\"https:\/\/www.stevensbikes.de\/all\/img\/icons\/ausstattung\/steuersatz.gif\" alt=\"\" \/> Steuersatz<\/dt>\n<dd class=\"art-name\">STEVENS Race Taper 1 1\/8&#8243;-1 1\/2&#8243;<\/dd>\n<\/dl>\n<dl class=\"closed hasextra\">\n<dt><img decoding=\"async\" src=\"https:\/\/www.stevensbikes.de\/all\/img\/icons\/ausstattung\/bremse.gif\" alt=\"\" \/> Bremse vorn<\/dt>\n<dd class=\"art-name\">Shimano GRX 810<\/dd>\n<\/dl>\n<dl class=\"closed hasextra\">\n<dt><img decoding=\"async\" src=\"https:\/\/www.stevensbikes.de\/all\/img\/icons\/ausstattung\/bremse.gif\" alt=\"\" \/> Bremse hinten<\/dt>\n<dd class=\"art-name\">Shimano GRX 810<\/dd>\n<\/dl>\n<dl class=\"closed hasextra\">\n<dt><img decoding=\"async\" src=\"https:\/\/www.stevensbikes.de\/all\/img\/icons\/ausstattung\/disc.gif\" alt=\"\" \/> Bremsscheiben<\/dt>\n<dd class=\"art-name\">SM-RT70<\/dd>\n<\/dl>\n<\/section>\n<section class=\"art-group\">\n<h3>Antrieb<\/h3>\n<dl class=\"closed hasextra\">\n<dt><img decoding=\"async\" src=\"https:\/\/www.stevensbikes.de\/all\/img\/icons\/ausstattung\/kurbel.gif\" alt=\"\" \/> Kurbelsatz<\/dt>\n<dd class=\"art-name\">Shimano Ultegra Cyclocross<\/dd>\n<\/dl>\n<dl class=\"closed hasextra\">\n<dt><img decoding=\"async\" src=\"https:\/\/www.stevensbikes.de\/all\/img\/icons\/ausstattung\/schaltungv.gif\" alt=\"\" \/> Umwerfer vorne<\/dt>\n<dd class=\"art-name\">Shimano Ultegra<\/dd>\n<\/dl>\n<dl class=\"closed hasextra\">\n<dt><img decoding=\"async\" src=\"https:\/\/www.stevensbikes.de\/all\/img\/icons\/ausstattung\/schaltungh.gif\" alt=\"\" \/> Schaltung hinten<\/dt>\n<dd class=\"art-name\">Shimano GRX 810<\/dd>\n<\/dl>\n<dl>\n<dt><img decoding=\"async\" src=\"https:\/\/www.stevensbikes.de\/all\/img\/icons\/ausstattung\/kette.gif\" alt=\"\" \/> Kette<\/dt>\n<dd class=\"art-name\">Shimano CN-HG601<\/dd>\n<\/dl>\n<dl class=\"closed hasextra\">\n<dt><img decoding=\"async\" src=\"https:\/\/www.stevensbikes.de\/all\/img\/icons\/ausstattung\/ritzel.gif\" alt=\"\" \/> Kassette<\/dt>\n<dd class=\"art-name\">Shimano 105<\/dd>\n<\/dl>\n<\/section>\n<section class=\"art-group\">\n<h3>Laufr\u00e4der<\/h3>\n<dl class=\"closed hasextra\">\n<dt><img decoding=\"async\" src=\"https:\/\/www.stevensbikes.de\/all\/img\/icons\/ausstattung\/laufrad.gif\" alt=\"\" \/> Systemlaufrad vorne<\/dt>\n<dd class=\"art-name\">DT Swiss Endurance LN<\/dd>\n<\/dl>\n<dl class=\"closed hasextra\">\n<dt><img decoding=\"async\" src=\"https:\/\/www.stevensbikes.de\/all\/img\/icons\/ausstattung\/laufrad.gif\" alt=\"\" \/> Systemlaufrad hinten<\/dt>\n<dd class=\"art-name\">DT Swiss Endurance LN<\/dd>\n<\/dl>\n<dl class=\"closed hasextra\">\n<dt><img decoding=\"async\" src=\"https:\/\/www.stevensbikes.de\/all\/img\/icons\/ausstattung\/reifen.gif\" alt=\"\" \/> Reifen<\/dt>\n<dd class=\"art-name\">Schwalbe X-One Allround Performance<\/dd>\n<\/dl>\n<\/section>\n<section class=\"art-group\">\n<h3>Cockpit<\/h3>\n<dl class=\"closed hasextra\">\n<dt><img decoding=\"async\" src=\"https:\/\/www.stevensbikes.de\/all\/img\/icons\/ausstattung\/lenker.gif\" alt=\"\" \/> Lenker<\/dt>\n<dd class=\"art-name\">Oxygen Scorpo Aero Gravel<\/dd>\n<\/dl>\n<dl class=\"closed hasextra\">\n<dt><img decoding=\"async\" src=\"https:\/\/www.stevensbikes.de\/all\/img\/icons\/ausstattung\/vorbau.gif\" alt=\"\" \/> Vorbau<\/dt>\n<dd class=\"art-name\">Oxygen Scorpo Road<\/dd>\n<\/dl>\n<dl>\n<dt><img decoding=\"async\" src=\"https:\/\/www.stevensbikes.de\/all\/img\/icons\/ausstattung\/sattel.gif\" alt=\"\" \/> Sattel<\/dt>\n<dd class=\"art-name\">Oxygen Triton<\/dd>\n<\/dl>\n<dl class=\"closed hasextra\">\n<dt><img decoding=\"async\" src=\"https:\/\/www.stevensbikes.de\/all\/img\/icons\/ausstattung\/sstuetze.gif\" alt=\"\" \/> Sattelst\u00fctze<\/dt>\n<dd class=\"art-name\">Oxygen Scorpo Road<\/dd>\n<\/dl>\n<dl class=\"closed hasextra\">\n<dt><img decoding=\"async\" src=\"https:\/\/www.stevensbikes.de\/all\/img\/icons\/ausstattung\/bremshebel.gif\" alt=\"\" \/> Schalt-Bremshebel l<\/dt>\n<dd class=\"art-name\">Shimano GRX 810 STI<\/dd>\n<\/dl>\n<dl class=\"closed hasextra\">\n<dt><img decoding=\"async\" src=\"https:\/\/www.stevensbikes.de\/all\/img\/icons\/ausstattung\/bremshebel.gif\" alt=\"\" \/> Schalt-Bremshebel rechts<\/dt>\n<dd class=\"art-name\">Shimano GRX 810 STI<\/dd>\n<\/dl>\n<\/section>\n<section class=\"art-group\">\n<h3>Daten<\/h3>\n<dl>\n<dt><img decoding=\"async\" src=\"https:\/\/www.stevensbikes.de\/all\/img\/icons\/ausstattung\/gewicht.gif\" alt=\"\" \/> Gewicht<\/dt>\n<dd class=\"art-name\">9,1 kg<\/dd>\n<\/dl>\n<dl>\n<dt><img decoding=\"async\" src=\"https:\/\/www.stevensbikes.de\/all\/img\/icons\/ausstattung\/gewicht.gif\" alt=\"\" \/> Zul. Gesamtgewicht<\/dt>\n<dd class=\"art-name\">115 kg<\/dd>\n<\/dl>\n<dl>\n<dt><img decoding=\"async\" src=\"https:\/\/www.stevensbikes.de\/all\/img\/icons\/ausstattung\/farbe.gif\" alt=\"\" \/> Farbe(n)<\/dt>\n<dd class=\"art-name\">Classic Silver<\/dd>\n<\/dl>\n<\/section>\n<\/div>\n<\/div>\n","protected":false},"excerpt":{"rendered":"<p>Schneller. Aber sicher. Wir haben unseren Top-Crosser mit Aluminiumrahmen weiter verfeinert, damit Sie im Wettkampf wie im Alltag mehr Speed UND mehr Kontrolle genie\u00dfen. Die Vollcarbongabel mit konischem Schaftrohr (1.5&#8243;!) steckt die Kraft der Flatmount-Scheibenbremsen locker weg und kann mit Schutzblechen aufger\u00fcstet werden. Der extra robuste Shimano GRX 2x11fach-Antrieb sorgt daf\u00fcr, dass den DT Swiss-Laufr\u00e4dern [&hellip;]<\/p>\n","protected":false},"featured_media":521,"template":"","meta":[],"product_brand":[],"product_cat":[22],"product_tag":[19],"class_list":{"0":"post-419","1":"product","2":"type-product","3":"status-publish","4":"has-post-thumbnail","6":"product_cat-stevens","7":"product_tag-19","8":"product_shipping_class-abholung","10":"first","11":"instock","12":"taxable","13":"shipping-taxable","14":"purchasable","15":"product-type-simple"},"_links":{"self":[{"href":"https:\/\/grupetto.de\/shop\/wp-json\/wp\/v2\/product\/419","targetHints":{"allow":["GET"]}}],"collection":[{"href":"https:\/\/grupetto.de\/shop\/wp-json\/wp\/v2\/product"}],"about":[{"href":"https:\/\/grupetto.de\/shop\/wp-json\/wp\/v2\/types\/product"}],"wp:featuredmedia":[{"embeddable":true,"href":"https:\/\/grupetto.de\/shop\/wp-json\/wp\/v2\/media\/521"}],"wp:attachment":[{"href":"https:\/\/grupetto.de\/shop\/wp-json\/wp\/v2\/media?parent=419"}],"wp:term":[{"taxonomy":"product_brand","embeddable":true,"href":"https:\/\/grupetto.de\/shop\/wp-json\/wp\/v2\/product_brand?post=419"},{"taxonomy":"product_cat","embeddable":true,"href":"https:\/\/grupetto.de\/shop\/wp-json\/wp\/v2\/product_cat?post=419"},{"taxonomy":"product_tag","embeddable":true,"href":"https:\/\/grupetto.de\/shop\/wp-json\/wp\/v2\/product_tag?post=419"}],"curies":[{"name":"wp","href":"https:\/\/api.w.org\/{rel}","templated":true}]}}