{"id":235,"date":"2023-12-19T13:07:31","date_gmt":"2023-12-19T12:07:31","guid":{"rendered":"https:\/\/grupetto.de\/shop\/fahrrad\/unkategorisiert\/a200-allround-28-8gg-nexus-fl\/"},"modified":"2025-06-20T19:07:13","modified_gmt":"2025-06-20T17:07:13","slug":"a200-allround-28-8gg-nexus-fl","status":"publish","type":"product","link":"https:\/\/grupetto.de\/shop\/fahrrad\/velo-de-ville\/a200-allround-28-8gg-nexus-fl\/","title":{"rendered":"A200 Allround 28&#8243; 8Gg Nexus FL"},"content":{"rendered":"<p>Wine Red T45 (Trapez)<\/p>\n<div class=\"row\">\n<div class=\"col-lg-6 d-flex px-md-5 py-1\"><\/div>\n<div class=\"col-lg-6 d-flex px-md-5 py-1\">\n<div class=\"review-answer\">\n<div class=\"col-lg-6 d-flex px-md-5 py-1\">\n<div class=\"review-question\"><strong>RAHMENFORM<\/strong><\/div>\n<div class=\"review-answer\">Trapez Classic<\/div>\n<div class=\"review-component-price text-right\"><\/div>\n<\/div>\n<div class=\"col-lg-6 d-flex px-md-5 py-1\">\n<div class=\"review-question\"><strong>RAHMENH\u00d6HE<\/strong><\/div>\n<div class=\"review-answer\">45 cm<\/div>\n<div><\/div>\n<\/div>\n<div class=\"col-lg-6 d-flex px-md-5 py-1\">\n<div class=\"review-question\"><strong>RAHMENFARBE<\/strong><\/div>\n<div class=\"review-answer\">Ruby Red glanz<\/div>\n<div class=\"review-component-price text-right\"><span class=\"text-primary\">\u00a0<\/span><\/div>\n<\/div>\n<div class=\"col-lg-6 d-flex px-md-5 py-1\">\n<div class=\"review-question\"><strong>DEKOR<\/strong><\/div>\n<div class=\"review-answer\">VDV Schwarz<\/div>\n<div class=\"review-component-price text-right\"><\/div>\n<\/div>\n<div class=\"col-lg-6 d-flex px-md-5 py-1\">\n<div class=\"review-question\"><strong>ANTRIEB<\/strong><\/div>\n<div class=\"review-answer\">Kette<\/div>\n<div class=\"review-component-price text-right\"><\/div>\n<\/div>\n<div class=\"col-lg-6 d-flex px-md-5 py-1\">\n<div class=\"review-question\"><strong>GABEL<\/strong><\/div>\n<div class=\"review-answer\">RST Neon<\/div>\n<div class=\"review-component-price text-right\"><\/div>\n<\/div>\n<div class=\"col-lg-6 d-flex px-md-5 py-1\">\n<div class=\"review-question\"><strong>VORBAU<\/strong><\/div>\n<div class=\"review-answer\">Ergotec Octopus 50 Ahead<\/div>\n<div class=\"review-component-price text-right\"><\/div>\n<\/div>\n<div class=\"col-lg-6 d-flex px-md-5 py-1\">\n<div class=\"review-question\"><strong>LENKER<\/strong><\/div>\n<div class=\"review-answer\">Ergotec Trekking<\/div>\n<div class=\"review-component-price text-right\"><\/div>\n<\/div>\n<div class=\"col-lg-6 d-flex px-md-5 py-1\">\n<div class=\"review-question\"><strong>LENKERGRIFFE<\/strong><\/div>\n<div class=\"review-answer\">Ergotec Active Flex<\/div>\n<div class=\"review-component-price text-right\"><\/div>\n<\/div>\n<div class=\"col-lg-6 d-flex px-md-5 py-1\">\n<div class=\"review-question\"><strong>BEREIFUNG<\/strong><\/div>\n<div class=\"review-answer\">Schwalbe Delta Cruiser Plus 50-622<\/div>\n<div class=\"review-component-price text-right\"><\/div>\n<\/div>\n<div class=\"col-lg-6 d-flex px-md-5 py-1\">\n<div class=\"review-question\"><strong>RADSCH\u00dcTZER<\/strong><\/div>\n<div class=\"review-component-price text-right\"><\/div>\n<\/div>\n<div class=\"col-lg-6 d-flex px-md-5 py-1\">\n<div class=\"review-question\"><strong>KETTENSCH\u00dcTZER<\/strong><\/div>\n<div class=\"review-answer\">Move<\/div>\n<div class=\"review-component-price text-right\"><\/div>\n<\/div>\n<div class=\"col-lg-6 d-flex px-md-5 py-1\">\n<div class=\"review-question\"><strong>BREMSEN<\/strong><\/div>\n<div class=\"review-answer\">Shimano BR-T4000 V-Brake<\/div>\n<div class=\"review-component-price text-right\"><\/div>\n<\/div>\n<div class=\"col-lg-6 d-flex px-md-5 py-1\">\n<div class=\"review-question\"><strong>DYNAMO<\/strong><\/div>\n<div class=\"review-answer\">Shimano DH3N31 NUT<\/div>\n<\/div>\n<div class=\"col-lg-6 d-flex px-md-5 py-1\">\n<div class=\"review-question\"><strong>SCHEINWERFER<\/strong><\/div>\n<div class=\"review-answer\">Busch&amp;M\u00fcller Dopp (35 Lux)<\/div>\n<div class=\"review-component-price text-right\"><\/div>\n<\/div>\n<div class=\"col-lg-6 d-flex px-md-5 py-1\">\n<div class=\"review-question\"><strong>R\u00dcCKLICHT<\/strong><\/div>\n<div class=\"review-answer\">Axa Juno<\/div>\n<div class=\"review-component-price text-right\"><\/div>\n<\/div>\n<div class=\"col-lg-6 d-flex px-md-5 py-1\">\n<div class=\"review-question\"><strong>SATTELST\u00dcTZE<\/strong><\/div>\n<div class=\"review-answer\">Patent, gefedert<\/div>\n<div class=\"review-component-price text-right\"><\/div>\n<\/div>\n<div class=\"col-lg-6 d-flex px-md-5 py-1\">\n<div class=\"review-question\"><strong>SATTEL<\/strong><\/div>\n<div class=\"review-answer\">Selle Royal Explora Moderate Wide<\/div>\n<div><\/div>\n<\/div>\n<div class=\"col-lg-6 d-flex px-md-5 py-1\">\n<div class=\"review-question\"><strong>GEP\u00c4CKTR\u00c4GER<\/strong><\/div>\n<div class=\"review-answer\">VDV Basic, mit Federklappe<\/div>\n<div class=\"review-component-price text-right\"><\/div>\n<\/div>\n<\/div>\n<div class=\"review-component-price text-right\"><\/div>\n<\/div>\n<div class=\"col-lg-6 d-flex px-md-5 py-1\">\n<div class=\"review-answer\"><\/div>\n<div class=\"review-component-price text-right\"><\/div>\n<\/div>\n<\/div>\n","protected":false},"excerpt":{"rendered":"<p>Wine Red T45 (Trapez) RAHMENFORM Trapez Classic RAHMENH\u00d6HE 45 cm RAHMENFARBE Ruby Red glanz \u00a0 DEKOR VDV Schwarz ANTRIEB Kette GABEL RST Neon VORBAU Ergotec Octopus 50 Ahead LENKER Ergotec Trekking LENKERGRIFFE Ergotec Active Flex BEREIFUNG Schwalbe Delta Cruiser Plus 50-622 RADSCH\u00dcTZER KETTENSCH\u00dcTZER Move BREMSEN Shimano BR-T4000 V-Brake DYNAMO Shimano DH3N31 NUT SCHEINWERFER Busch&amp;M\u00fcller Dopp [&hellip;]<\/p>\n","protected":false},"featured_media":785,"template":"","meta":[],"product_brand":[],"product_cat":[17],"product_tag":[],"class_list":{"0":"post-235","1":"product","2":"type-product","3":"status-publish","4":"has-post-thumbnail","6":"product_cat-velo-de-ville","7":"product_shipping_class-spedition","9":"first","10":"instock","11":"taxable","12":"shipping-taxable","13":"purchasable","14":"product-type-simple"},"_links":{"self":[{"href":"https:\/\/grupetto.de\/shop\/wp-json\/wp\/v2\/product\/235","targetHints":{"allow":["GET"]}}],"collection":[{"href":"https:\/\/grupetto.de\/shop\/wp-json\/wp\/v2\/product"}],"about":[{"href":"https:\/\/grupetto.de\/shop\/wp-json\/wp\/v2\/types\/product"}],"wp:featuredmedia":[{"embeddable":true,"href":"https:\/\/grupetto.de\/shop\/wp-json\/wp\/v2\/media\/785"}],"wp:attachment":[{"href":"https:\/\/grupetto.de\/shop\/wp-json\/wp\/v2\/media?parent=235"}],"wp:term":[{"taxonomy":"product_brand","embeddable":true,"href":"https:\/\/grupetto.de\/shop\/wp-json\/wp\/v2\/product_brand?post=235"},{"taxonomy":"product_cat","embeddable":true,"href":"https:\/\/grupetto.de\/shop\/wp-json\/wp\/v2\/product_cat?post=235"},{"taxonomy":"product_tag","embeddable":true,"href":"https:\/\/grupetto.de\/shop\/wp-json\/wp\/v2\/product_tag?post=235"}],"curies":[{"name":"wp","href":"https:\/\/api.w.org\/{rel}","templated":true}]}}