{"id":221,"date":"2023-12-19T13:07:26","date_gmt":"2023-12-19T12:07:26","guid":{"rendered":"https:\/\/grupetto.de\/shop\/fahrrad\/unkategorisiert\/orbea-kemen-mid-40\/"},"modified":"2026-03-23T19:07:12","modified_gmt":"2026-03-23T18:07:12","slug":"orbea-kemen-mid-40","status":"publish","type":"product","link":"https:\/\/grupetto.de\/shop\/fahrrad\/orbea\/orbea-kemen-mid-40\/","title":{"rendered":"Orbea Kemen Mid 40"},"content":{"rendered":"<p><b>Modelljahr<\/b>: 2023<br \/>\n<b>Kompletter Name<\/b>: KEMEN MID 40 L Dark Red (Gloss -Matt)<br \/>\n<b>Model<\/b>: KEMEN MID 40<br \/>\n<b>Gr\u00f6\u00dfe<\/b>: L<br \/>\n<b>Laufradgr\u00f6\u00dfe<\/b>: 700<br \/>\n<b>Rahmen<\/b>: Orbea Kemen Mid Bar, Shimano Steps, Integrated battery, Hydroformed Alloy 6061 series Internal Cable Routing, Boost 148&#215;12, carrier and kickstand compatible<br \/>\n<b>Gabel<\/b>: SR Suntour X1 Coil LO 100mm QR<br \/>\n<b>D\u00e4mpfer<\/b>:<br \/>\n<b>Remote lockout<\/b>:<br \/>\n<b>Steuersatz<\/b>: FSA 1-1\/2&#8243; Integrated Aluminium Cup<br \/>\n<b>Vorbau<\/b>: OC1 35mm interface -6\u00ba<br \/>\n<b>Lenker<\/b>: OC Mountain Control MC31, Rise20, Width 800<br \/>\n<b>Bremshebel<\/b>:<br \/>\n<b>Bremsen<\/b>: Shimano MT200 Hydraulic Disc<br \/>\n<b>Umwerfer<\/b>:<br \/>\n<b>Schaltwerk<\/b>: Shimano Deore M5130 Link Glide GS Shadow Plus<br \/>\n<b>Schalthebel<\/b>: Shimano Deore M5130 Link Glide<br \/>\n<b>Kassette<\/b>: Shimano CS-LG400 11-43t 10-Speed<br \/>\n<b>Kette<\/b>: KMC eGlide<br \/>\n<b>Kettenf\u00fchrung<\/b>:<br \/>\n<b>Tretkurbel<\/b>: Shimano Steps EM600<br \/>\n<b>Pedale<\/b>: VP-537 Black<br \/>\n<b>Kettenblattgarnitur<\/b>:<br \/>\n<b>Kettenschutz<\/b>:<br \/>\n<b>Laufradsatz<\/b>: Orbea OC1 25c Tubeless Ready<br \/>\n<b>Hinternabe<\/b>:<br \/>\n<b>Vordernabe<\/b>:<br \/>\n<b>Reifen<\/b>: Schwalbe G-ONE Allround, 29&#215;2,25, Performance Line RaceGuard, TLE, Reflective<br \/>\n<b>Sattelst\u00fctze<\/b>: Alloy 31.6 Offset 0<br \/>\n<b>Sattelst\u00fctze Remote<\/b>:<br \/>\n<b>Sattel<\/b>: Selle Royal Vivo 1216 DRN 160x249mm<br \/>\n<b>Schutzblech<\/b>: CURANA Apollo 65mm<br \/>\n<b>Vorderlicht<\/b>: Lezyne Ebike POWER STVZO PRO E115 with remote 310 lumens<br \/>\n<b>Vorderlicht 2<\/b>: Front position light, on head tube, COB Led, On\/Off, 60 Lumen, ECE50.<br \/>\n<b>R\u00fccklicht<\/b>: Lezyne FENDER STVZO Alert Technology 11Lumen<br \/>\n<b>Dynamo<\/b>:<br \/>\n<b>St\u00e4nder<\/b>: Ursus Mooi rear adjustable<br \/>\n<b>Akku<\/b>: Orbea Internal 540Wh (Optional 252Wh Range Extender)<br \/>\n<b>Motor<\/b>: Shimano EP6<br \/>\n<b>Display<\/b>: Shimano EN500<br \/>\n<b>Ladeger\u00e4t<\/b>: Orbea 2.Generation eBike Smart charger 42V\/2-4A<\/p>\n<p>&nbsp;<\/p>\n<p>S \/ Dark Red (Gloss-Matt)<\/p>\n","protected":false},"excerpt":{"rendered":"<p>Modelljahr: 2023 Kompletter Name: KEMEN MID 40 L Dark Red (Gloss -Matt) Model: KEMEN MID 40 Gr\u00f6\u00dfe: L Laufradgr\u00f6\u00dfe: 700 Rahmen: Orbea Kemen Mid Bar, Shimano Steps, Integrated battery, Hydroformed Alloy 6061 series Internal Cable Routing, Boost 148&#215;12, carrier and kickstand compatible Gabel: SR Suntour X1 Coil LO 100mm QR D\u00e4mpfer: Remote lockout: Steuersatz: FSA [&hellip;]<\/p>\n","protected":false},"featured_media":328,"template":"","meta":[],"product_brand":[],"product_cat":[30],"product_tag":[25],"class_list":{"0":"post-221","1":"product","2":"type-product","3":"status-publish","4":"has-post-thumbnail","6":"product_cat-orbea","7":"product_tag-25","8":"product_shipping_class-spedition","10":"first","11":"instock","12":"taxable","13":"shipping-taxable","14":"purchasable","15":"product-type-simple"},"_links":{"self":[{"href":"https:\/\/grupetto.de\/shop\/wp-json\/wp\/v2\/product\/221","targetHints":{"allow":["GET"]}}],"collection":[{"href":"https:\/\/grupetto.de\/shop\/wp-json\/wp\/v2\/product"}],"about":[{"href":"https:\/\/grupetto.de\/shop\/wp-json\/wp\/v2\/types\/product"}],"wp:featuredmedia":[{"embeddable":true,"href":"https:\/\/grupetto.de\/shop\/wp-json\/wp\/v2\/media\/328"}],"wp:attachment":[{"href":"https:\/\/grupetto.de\/shop\/wp-json\/wp\/v2\/media?parent=221"}],"wp:term":[{"taxonomy":"product_brand","embeddable":true,"href":"https:\/\/grupetto.de\/shop\/wp-json\/wp\/v2\/product_brand?post=221"},{"taxonomy":"product_cat","embeddable":true,"href":"https:\/\/grupetto.de\/shop\/wp-json\/wp\/v2\/product_cat?post=221"},{"taxonomy":"product_tag","embeddable":true,"href":"https:\/\/grupetto.de\/shop\/wp-json\/wp\/v2\/product_tag?post=221"}],"curies":[{"name":"wp","href":"https:\/\/api.w.org\/{rel}","templated":true}]}}