{"id":219,"date":"2023-12-19T13:07:26","date_gmt":"2023-12-19T12:07:26","guid":{"rendered":"https:\/\/grupetto.de\/shop\/fahrrad\/unkategorisiert\/cross-vapor-111-22-56-royal-purple\/"},"modified":"2025-06-02T23:07:52","modified_gmt":"2025-06-02T21:07:52","slug":"cross-vapor-111-22-56-royal-purple","status":"publish","type":"product","link":"https:\/\/grupetto.de\/shop\/fahrrad\/stevens\/cross-vapor-111-22-56-royal-purple\/","title":{"rendered":"Cross Vapor 1*11 22 56 Royal Purple"},"content":{"rendered":"<div id=\"bike-header\" class=\"section\">\n<div>\n<div id=\"bike-text\">\n<div id=\"bikedescription\">\n<h2>Schneller. Einfach. Sicher.<\/h2>\n<p>Wir haben unseren Top-Crosser mit Aluminiumrahmen weiter verfeinert, damit Sie im Wettkampf wie im Alltag mehr Speed UND mehr Kontrolle genie\u00dfen. Die Vollcarbongabel mit konischem Schaftrohr (1.5&#8243;!) steckt die Kraft der Flatmount-Scheibenbremsen locker weg und kann mit Schutzblechen aufger\u00fcstet werden. Der Shimano GRX 1x11fach-Antrieb sorgt daf\u00fcr, dass den DT Swiss-Laufr\u00e4dern \u2013 mit Steckachsen perfekt fixiert \u2013 und Schwalbe X-One Allround-Pneus niemals der Schwung ausgeht. Mit dieser vielseitigen Fahrmaschine kommen Sie schneller, sicherer, leichter, weiter.<\/p>\n<\/div>\n<ul id=\"highlights\">\n<li>Innovativer Aluminium-Crosser mit Flatmount-Bremsaufnahmen &amp; 12mm-Steckachsen vorne+hinten<\/li>\n<li>Leichte Vollcarbon-Gabel mit Schutzblech-\u00d6sen<\/li>\n<li>Shimano GRX 1x11fach-Cyclocross-Antrieb<\/li>\n<li>Shimano GRX Hydraulik-Scheibenbremsen<\/li>\n<li>Komfortable und aerodynamische DT Swiss Endurance Laufr\u00e4der<\/li>\n<\/ul>\n<\/div>\n<\/div>\n<\/div>\n<div id=\"bike-tasks\" class=\"section\">\n<div>\n<ul id=\"nav-bikeTasks\">\n<li class=\"like\"><a title=\"I like this bike\" href=\"https:\/\/www.stevensbikes.de\/api\/share_facebook?p=facebook&amp;u=https%3A%2F%2Fwww.stevensbikes.de%2F2022%2Fde%2Fde%2Froad%2Fcyclocross%2Fvapor-1x11%2F&amp;t=Vapor%201x11%20%20-%20Stevens%20Bikes%202022\" rel=\"nofollow\">Teilen<\/a><\/li>\n<li class=\"mark\"><a href=\"https:\/\/www.stevensbikes.de\/2022\/de\/de\/road\/cyclocross\/vapor-1x11\/?mark=1\">Merken<\/a><\/li>\n<li class=\"comp\"><a href=\"https:\/\/www.stevensbikes.de\/2022\/de\/de\/compare\/?left_bik_id=211\">Vergleichen<\/a><\/li>\n<li class=\"size\"><a id=\"oz-trigger-2\" class=\"oz-trigger\" title=\"Welche Gr\u00f6\u00dfe passt zu mir?\" href=\"https:\/\/www.stevensbikes.de\/2022\/de\/de\/road\/cyclocross\/vapor-1x11\/\" data-oz-fullscreen=\"true\" data-oz-default-gender=\"male\" data-oz-code=\"4045985033427\" data-oz-name=\"Vapor 1x11\" data-oz-image=\"https:\/\/www.stevensbikes.de\/2022\/img\/low_res\/vapor_1x11_22_56_royal_purple_my22.png\" data-oz-confirm-size-label=\"Schlie\u00dfen\" data-oz-embed=\"custom\">Gr\u00f6\u00dfe finden<\/a><\/li>\n<li class=\"print\"><a href=\"https:\/\/www.stevensbikes.de\/2022\/de\/de\/road\/cyclocross\/vapor-1x11\/\">Drucken<\/a><\/li>\n<li class=\"deal\"><a href=\"https:\/\/www.stevensbikes.de\/2022\/de\/de\/dealermap\/\">H\u00e4ndlersuche<\/a><\/li>\n<li class=\"prev\"><a title=\"Super Prestige 2x11\" href=\"https:\/\/www.stevensbikes.de\/2022\/de\/de\/road\/cyclocross\/super-prestige-2x11\/\" rel=\"prev\"><span class=\"bike-name\">Super Prestige 2&#215;11<\/span><\/a><\/li>\n<li class=\"next\"><a title=\"Vapor 2x11\" href=\"https:\/\/www.stevensbikes.de\/2022\/de\/de\/road\/cyclocross\/vapor-2x11\/\" rel=\"next\"><span class=\"bike-name\">Vapor 2&#215;11<\/span><\/a><\/li>\n<\/ul>\n<\/div>\n<\/div>\n<div id=\"bike-specs\" class=\"section\">\n<div>\n<div class=\"header\">\n<h2 class=\"h1\">Ausstattung<\/h2>\n<ul class=\"toggle-techinfo collapsed\">\n<li class=\"hide\" title=\"mehr Details\"><\/li>\n<\/ul>\n<\/div>\n<\/div>\n<\/div>\n<div id=\"bike-specs\" class=\"section\">\n<div>\n<p class=\"warning-delivery\">\n<div class=\"specs grid\">\n<section class=\"art-group\">\n<h3>Chassis<\/h3>\n<dl class=\"closed hasextra\">\n<dt><img decoding=\"async\" src=\"https:\/\/www.stevensbikes.de\/all\/img\/icons\/ausstattung\/rohrmaterial.gif\" alt=\"\" \/> Rahmen<\/dt>\n<dd class=\"art-name\">Aluminium SL 7005 TB<\/dd>\n<\/dl>\n<dl class=\"closed hasextra\">\n<dt><img decoding=\"async\" src=\"https:\/\/www.stevensbikes.de\/all\/img\/icons\/ausstattung\/gabel.gif\" alt=\"\" \/> Gabel<\/dt>\n<dd class=\"art-name\">STEVENS Full Carbon SL HMF<\/dd>\n<\/dl>\n<dl class=\"closed hasextra\">\n<dt><img decoding=\"async\" src=\"https:\/\/www.stevensbikes.de\/all\/img\/icons\/ausstattung\/steuersatz.gif\" alt=\"\" \/> Steuersatz<\/dt>\n<dd class=\"art-name\">STEVENS Race Taper 1 1\/8&#8243;-1 1\/2&#8243;<\/dd>\n<\/dl>\n<dl class=\"closed hasextra\">\n<dt><img decoding=\"async\" src=\"https:\/\/www.stevensbikes.de\/all\/img\/icons\/ausstattung\/bremse.gif\" alt=\"\" \/> Bremse vorn<\/dt>\n<dd class=\"art-name\">Shimano GRX 810<\/dd>\n<\/dl>\n<dl class=\"closed hasextra\">\n<dt><img decoding=\"async\" src=\"https:\/\/www.stevensbikes.de\/all\/img\/icons\/ausstattung\/bremse.gif\" alt=\"\" \/> Bremse hinten<\/dt>\n<dd class=\"art-name\">Shimano GRX 810<\/dd>\n<\/dl>\n<dl class=\"closed hasextra\">\n<dt><img decoding=\"async\" src=\"https:\/\/www.stevensbikes.de\/all\/img\/icons\/ausstattung\/disc.gif\" alt=\"\" \/> Bremsscheiben<\/dt>\n<dd class=\"art-name\">SM-RT70<\/dd>\n<\/dl>\n<\/section>\n<section class=\"art-group\">\n<h3>Antrieb<\/h3>\n<dl class=\"closed hasextra\">\n<dt><img decoding=\"async\" src=\"https:\/\/www.stevensbikes.de\/all\/img\/icons\/ausstattung\/kurbel.gif\" alt=\"\" \/> Kurbelsatz<\/dt>\n<dd class=\"art-name\">Shimano GRX 810<\/dd>\n<\/dl>\n<dl class=\"closed hasextra\">\n<dt><img decoding=\"async\" src=\"https:\/\/www.stevensbikes.de\/all\/img\/icons\/ausstattung\/schaltungh.gif\" alt=\"\" \/> Schaltung hinten<\/dt>\n<dd class=\"art-name\">Shimano GRX 810<\/dd>\n<\/dl>\n<dl>\n<dt><img decoding=\"async\" src=\"https:\/\/www.stevensbikes.de\/all\/img\/icons\/ausstattung\/kette.gif\" alt=\"\" \/> Kette<\/dt>\n<dd class=\"art-name\">Shimano CN-HG601<\/dd>\n<\/dl>\n<dl class=\"closed hasextra\">\n<dt><img decoding=\"async\" src=\"https:\/\/www.stevensbikes.de\/all\/img\/icons\/ausstattung\/ritzel.gif\" alt=\"\" \/> Kassette<\/dt>\n<dd class=\"art-name\">Shimano CS-HG700<\/dd>\n<\/dl>\n<\/section>\n<section class=\"art-group\">\n<h3>Laufr\u00e4der<\/h3>\n<dl class=\"closed hasextra\">\n<dt><img decoding=\"async\" src=\"https:\/\/www.stevensbikes.de\/all\/img\/icons\/ausstattung\/laufrad.gif\" alt=\"\" \/> Systemlaufrad vorne<\/dt>\n<dd class=\"art-name\">DT Swiss Endurance LN<\/dd>\n<\/dl>\n<dl class=\"closed hasextra\">\n<dt><img decoding=\"async\" src=\"https:\/\/www.stevensbikes.de\/all\/img\/icons\/ausstattung\/laufrad.gif\" alt=\"\" \/> Systemlaufrad hinten<\/dt>\n<dd class=\"art-name\">DT Swiss Endurance LN<\/dd>\n<\/dl>\n<dl class=\"closed hasextra\">\n<dt><img decoding=\"async\" src=\"https:\/\/www.stevensbikes.de\/all\/img\/icons\/ausstattung\/reifen.gif\" alt=\"\" \/> Reifen<\/dt>\n<dd class=\"art-name\">Schwalbe X-One Allround Performance<\/dd>\n<\/dl>\n<\/section>\n<section class=\"art-group\">\n<h3>Cockpit<\/h3>\n<dl class=\"closed hasextra\">\n<dt><img decoding=\"async\" src=\"https:\/\/www.stevensbikes.de\/all\/img\/icons\/ausstattung\/lenker.gif\" alt=\"\" \/> Lenker<\/dt>\n<dd class=\"art-name\">Oxygen Scorpo Aero Gravel<\/dd>\n<\/dl>\n<dl class=\"closed hasextra\">\n<dt><img decoding=\"async\" src=\"https:\/\/www.stevensbikes.de\/all\/img\/icons\/ausstattung\/vorbau.gif\" alt=\"\" \/> Vorbau<\/dt>\n<dd class=\"art-name\">Oxygen Scorpo Road<\/dd>\n<\/dl>\n<dl>\n<dt><img decoding=\"async\" src=\"https:\/\/www.stevensbikes.de\/all\/img\/icons\/ausstattung\/sattel.gif\" alt=\"\" \/> Sattel<\/dt>\n<dd class=\"art-name\">Oxygen Triton<\/dd>\n<\/dl>\n<dl class=\"closed hasextra\">\n<dt><img decoding=\"async\" src=\"https:\/\/www.stevensbikes.de\/all\/img\/icons\/ausstattung\/sstuetze.gif\" alt=\"\" \/> Sattelst\u00fctze<\/dt>\n<dd class=\"art-name\">Oxygen Scorpo Road<\/dd>\n<\/dl>\n<dl class=\"closed hasextra\">\n<dt><img decoding=\"async\" src=\"https:\/\/www.stevensbikes.de\/all\/img\/icons\/ausstattung\/bremshebel.gif\" alt=\"\" \/> Schalt-Bremshebel l<\/dt>\n<dd class=\"art-name\">Shimano GRX 810 STI<\/dd>\n<\/dl>\n<dl class=\"closed hasextra\">\n<dt><img decoding=\"async\" src=\"https:\/\/www.stevensbikes.de\/all\/img\/icons\/ausstattung\/bremshebel.gif\" alt=\"\" \/> Schalt-Bremshebel rechts<\/dt>\n<dd class=\"art-name\">Shimano GRX 810 STI<\/dd>\n<\/dl>\n<\/section>\n<section class=\"art-group\">\n<h3>Daten<\/h3>\n<dl>\n<dt><img decoding=\"async\" src=\"https:\/\/www.stevensbikes.de\/all\/img\/icons\/ausstattung\/gewicht.gif\" alt=\"\" \/> Gewicht<\/dt>\n<dd class=\"art-name\">8,8 kg<\/dd>\n<\/dl>\n<dl>\n<dt><img decoding=\"async\" src=\"https:\/\/www.stevensbikes.de\/all\/img\/icons\/ausstattung\/gewicht.gif\" alt=\"\" \/> Zul. Gesamtgewicht<\/dt>\n<dd class=\"art-name\">115 kg<\/dd>\n<\/dl>\n<dl>\n<dt><img decoding=\"async\" src=\"https:\/\/www.stevensbikes.de\/all\/img\/icons\/ausstattung\/farbe.gif\" alt=\"\" \/> Farbe(n)<\/dt>\n<dd class=\"art-name\">Royal Purple<\/dd>\n<\/dl>\n<dl>\n<dt><img decoding=\"async\" src=\"https:\/\/www.stevensbikes.de\/all\/img\/icons\/ausstattung\/groesse.gif\" alt=\"\" \/> Gr\u00f6\u00dfen<\/dt>\n<dd class=\"art-name\">50, 52, 54, 56, 58, 60, 62 cm<\/dd>\n<\/dl>\n<\/section>\n<div><\/div>\n<\/div>\n<\/div>\n<\/div>\n<div id=\"bike-geometry\" class=\"section gray\">\n<div>\n<h2 class=\"h1\">Geometrie<\/h2>\n<div class=\"flexwrapper\">\n<p class=\"geochart\"><img decoding=\"async\" class=\"geometrie\" src=\"https:\/\/www.stevensbikes.de\/all\/img\/basic\/geometry\/geo_1_race.svg\" alt=\"schematische Skizze eines Fahrrades mit eingezeichneten Geometrie-Messpunkten\" width=\"516\" \/><\/p>\n<\/div>\n<\/div>\n<\/div>\n<p class=\"geochart\"><small class=\"size-disclaimer\"><i class=\"icon ti-info-alt\"><\/i> Die Online-Gr\u00f6\u00dfenberatung ersetzt nicht den Besuch des Fachh\u00e4ndlers. Sie dient einer ersten Orientierung und kann von pers\u00f6nlichen Vorlieben abweichen. Eine Probefahrt bietet den besten Vergleich.<\/small><\/p>\n<div class=\"tablewrapper\">\n<table id=\"geometrie\">\n<thead>\n<tr>\n<th scope=\"row\">Rahmengr\u00f6\u00dfe\u00a0(cm)<\/th>\n<th class=\"messpunkt\" scope=\"col\"><\/th>\n<th class=\"value\" scope=\"col\">50<\/th>\n<th class=\"value\" scope=\"col\">52<\/th>\n<th class=\"value\" scope=\"col\">54<\/th>\n<th class=\"value\" scope=\"col\">56<\/th>\n<th class=\"value\" scope=\"col\">58<\/th>\n<th class=\"value\" scope=\"col\">60<\/th>\n<th class=\"value\" scope=\"col\">62<\/th>\n<th class=\"messweise\" scope=\"col\">Messweise<\/th>\n<\/tr>\n<\/thead>\n<tbody>\n<tr>\n<th scope=\"row\">Sitzrohrl\u00e4nge<\/th>\n<td class=\"messpunkt\">A1<\/td>\n<td class=\"value\">549<\/td>\n<td class=\"value\">569<\/td>\n<td class=\"value\">591<\/td>\n<td class=\"value\">616<\/td>\n<td class=\"value\">630<\/td>\n<td class=\"value\">645<\/td>\n<td class=\"value\">660<\/td>\n<td class=\"messweise\">nominell<\/td>\n<\/tr>\n<tr>\n<th scope=\"row\">Sitzrohrl\u00e4nge<\/th>\n<td class=\"messpunkt\">A2<\/td>\n<td class=\"value\">490<\/td>\n<td class=\"value\">520<\/td>\n<td class=\"value\">540<\/td>\n<td class=\"value\">560<\/td>\n<td class=\"value\">580<\/td>\n<td class=\"value\">600<\/td>\n<td class=\"value\">620<\/td>\n<td class=\"messweise\">Tretlagermitte bis Oberk. Sitzrohr<\/td>\n<\/tr>\n<tr>\n<th scope=\"row\">Sitzrohrl\u00e4nge<\/th>\n<td class=\"messpunkt\">A3<\/td>\n<td class=\"value\">457<\/td>\n<td class=\"value\">486<\/td>\n<td class=\"value\">505<\/td>\n<td class=\"value\">525<\/td>\n<td class=\"value\">545<\/td>\n<td class=\"value\">564<\/td>\n<td class=\"value\">584<\/td>\n<td class=\"messweise\">Tretlagermitte bis Oberk. Oberrohr<\/td>\n<\/tr>\n<tr>\n<th scope=\"row\">Oberrohrl\u00e4nge<\/th>\n<td class=\"messpunkt\">B<\/td>\n<td class=\"value\">509<\/td>\n<td class=\"value\">516<\/td>\n<td class=\"value\">527<\/td>\n<td class=\"value\">536<\/td>\n<td class=\"value\">557<\/td>\n<td class=\"value\">574<\/td>\n<td class=\"value\">587<\/td>\n<td class=\"messweise\"><\/td>\n<\/tr>\n<tr>\n<th scope=\"row\">Oberrohr horizontal<\/th>\n<td class=\"messpunkt\">C<\/td>\n<td class=\"value\">499<\/td>\n<td class=\"value\">527<\/td>\n<td class=\"value\">539<\/td>\n<td class=\"value\">551<\/td>\n<td class=\"value\">572<\/td>\n<td class=\"value\">588<\/td>\n<td class=\"value\">600<\/td>\n<td class=\"messweise\">bis Schnittpunkt Sattelst\u00fctze<\/td>\n<\/tr>\n<tr>\n<th scope=\"row\">Steuerrohrwinkel\u00a0(\u00b0)<\/th>\n<td class=\"messpunkt\">D<\/td>\n<td class=\"value\">70,5<\/td>\n<td class=\"value\">71<\/td>\n<td class=\"value\">71,5<\/td>\n<td class=\"value\">72<\/td>\n<td class=\"value\">72<\/td>\n<td class=\"value\">72<\/td>\n<td class=\"value\">72<\/td>\n<td class=\"messweise\"><\/td>\n<\/tr>\n<tr>\n<th scope=\"row\">Sitzrohrwinkel\u00a0(\u00b0)<\/th>\n<td class=\"messpunkt\">E<\/td>\n<td class=\"value\">75,5<\/td>\n<td class=\"value\">74,5<\/td>\n<td class=\"value\">74<\/td>\n<td class=\"value\">73<\/td>\n<td class=\"value\">73<\/td>\n<td class=\"value\">73<\/td>\n<td class=\"value\">73<\/td>\n<td class=\"messweise\"><\/td>\n<\/tr>\n<tr>\n<th scope=\"row\">Radstand<\/th>\n<td class=\"messpunkt\">F<\/td>\n<td class=\"value\">1006<\/td>\n<td class=\"value\">1010<\/td>\n<td class=\"value\">1011<\/td>\n<td class=\"value\">1007<\/td>\n<td class=\"value\">1027<\/td>\n<td class=\"value\">1043<\/td>\n<td class=\"value\">1055<\/td>\n<td class=\"messweise\"><\/td>\n<\/tr>\n<tr>\n<th scope=\"row\">Kettenstrebenl\u00e4nge<\/th>\n<td class=\"messpunkt\">G<\/td>\n<td class=\"value\">430<\/td>\n<td class=\"value\">430<\/td>\n<td class=\"value\">430<\/td>\n<td class=\"value\">430<\/td>\n<td class=\"value\">430<\/td>\n<td class=\"value\">430<\/td>\n<td class=\"value\">430<\/td>\n<td class=\"messweise\"><\/td>\n<\/tr>\n<tr>\n<th scope=\"row\">Steuerrohrl\u00e4nge<\/th>\n<td class=\"messpunkt\">H<\/td>\n<td class=\"value\">115<\/td>\n<td class=\"value\">130<\/td>\n<td class=\"value\">145<\/td>\n<td class=\"value\">160<\/td>\n<td class=\"value\">175<\/td>\n<td class=\"value\">190<\/td>\n<td class=\"value\">205<\/td>\n<td class=\"messweise\"><\/td>\n<\/tr>\n<tr>\n<th scope=\"row\">Tretlagerabsenkung<\/th>\n<td class=\"messpunkt\">I<\/td>\n<td class=\"value\">62<\/td>\n<td class=\"value\">62<\/td>\n<td class=\"value\">65<\/td>\n<td class=\"value\">70<\/td>\n<td class=\"value\">70<\/td>\n<td class=\"value\">70<\/td>\n<td class=\"value\">70<\/td>\n<td class=\"messweise\">Abstand zur Nabenh\u00f6he<\/td>\n<\/tr>\n<tr>\n<th scope=\"row\">Tretlagerh\u00f6he<\/th>\n<td class=\"messpunkt\">K<\/td>\n<td class=\"value\">288<\/td>\n<td class=\"value\">288<\/td>\n<td class=\"value\">285<\/td>\n<td class=\"value\">280<\/td>\n<td class=\"value\">280<\/td>\n<td class=\"value\">280<\/td>\n<td class=\"value\">280<\/td>\n<td class=\"messweise\">Abstand zum Erdboden<\/td>\n<\/tr>\n<tr>\n<th scope=\"row\">Gabelvorbiegung<\/th>\n<td class=\"messpunkt\">L<\/td>\n<td class=\"value\">45<\/td>\n<td class=\"value\">45<\/td>\n<td class=\"value\">45<\/td>\n<td class=\"value\">45<\/td>\n<td class=\"value\">45<\/td>\n<td class=\"value\">45<\/td>\n<td class=\"value\">45<\/td>\n<td class=\"messweise\"><\/td>\n<\/tr>\n<tr>\n<th scope=\"row\">Sloping<\/th>\n<td class=\"messpunkt\">M<\/td>\n<td class=\"value\">86<\/td>\n<td class=\"value\">76<\/td>\n<td class=\"value\">77<\/td>\n<td class=\"value\">82<\/td>\n<td class=\"value\">77<\/td>\n<td class=\"value\">73<\/td>\n<td class=\"value\">68<\/td>\n<td class=\"messweise\">Oberrohr Levelunterschied v\/h<\/td>\n<\/tr>\n<tr>\n<th scope=\"row\">Radius Laufrad vorne<\/th>\n<td class=\"messpunkt\">N1<\/td>\n<td class=\"value\">348<\/td>\n<td class=\"value\">348<\/td>\n<td class=\"value\">348<\/td>\n<td class=\"value\">348<\/td>\n<td class=\"value\">348<\/td>\n<td class=\"value\">348<\/td>\n<td class=\"value\">348<\/td>\n<td class=\"messweise\">bereift<\/td>\n<\/tr>\n<tr>\n<th scope=\"row\">Radius Laufrad hinten<\/th>\n<td class=\"messpunkt\">N2<\/td>\n<td class=\"value\">348<\/td>\n<td class=\"value\">348<\/td>\n<td class=\"value\">348<\/td>\n<td class=\"value\">348<\/td>\n<td class=\"value\">348<\/td>\n<td class=\"value\">348<\/td>\n<td class=\"value\">348<\/td>\n<td class=\"messweise\">bereift<\/td>\n<\/tr>\n<tr>\n<th scope=\"row\">\u00dcberstandsh\u00f6he<\/th>\n<td class=\"messpunkt\">O<\/td>\n<td class=\"value\">753<\/td>\n<td class=\"value\">776<\/td>\n<td class=\"value\">792<\/td>\n<td class=\"value\">805<\/td>\n<td class=\"value\">822<\/td>\n<td class=\"value\">840<\/td>\n<td class=\"value\">857<\/td>\n<td class=\"messweise\">Oberkante Oberrohr bis Erdboden*<\/td>\n<\/tr>\n<tr>\n<th scope=\"row\">Gabelbauh\u00f6he<\/th>\n<td class=\"messpunkt\">P<\/td>\n<td class=\"value\">401<\/td>\n<td class=\"value\">401<\/td>\n<td class=\"value\">401<\/td>\n<td class=\"value\">401<\/td>\n<td class=\"value\">401<\/td>\n<td class=\"value\">401<\/td>\n<td class=\"value\">401<\/td>\n<td class=\"messweise\">Incl. der unteren Steuersatzschale<\/td>\n<\/tr>\n<tr>\n<th scope=\"row\">Distanz Vorderrad-Tretlager<\/th>\n<td class=\"messpunkt\">Q<\/td>\n<td class=\"value\">588<\/td>\n<td class=\"value\">593<\/td>\n<td class=\"value\">595<\/td>\n<td class=\"value\">591<\/td>\n<td class=\"value\">612<\/td>\n<td class=\"value\">628<\/td>\n<td class=\"value\">640<\/td>\n<td class=\"messweise\"><\/td>\n<\/tr>\n<tr>\n<th scope=\"row\">Reach<\/th>\n<td class=\"messpunkt\">R<\/td>\n<td class=\"value\">371<\/td>\n<td class=\"value\">375<\/td>\n<td class=\"value\">376<\/td>\n<td class=\"value\">372<\/td>\n<td class=\"value\">388<\/td>\n<td class=\"value\">399<\/td>\n<td class=\"value\">407<\/td>\n<td class=\"messweise\">horiz. von Tretlager bis Steuerrohr<\/td>\n<\/tr>\n<tr>\n<th scope=\"row\">Stack<\/th>\n<td class=\"messpunkt\">S<\/td>\n<td class=\"value\">532<\/td>\n<td class=\"value\">548<\/td>\n<td class=\"value\">567<\/td>\n<td class=\"value\">588<\/td>\n<td class=\"value\">603<\/td>\n<td class=\"value\">617<\/td>\n<td class=\"value\">631<\/td>\n<td class=\"messweise\">vertikal von Tretlager bis Steuerrohr<\/td>\n<\/tr>\n<tr>\n<th scope=\"row\">Stack\/Reach\u00a0(1:x)<\/th>\n<td class=\"messpunkt\"><\/td>\n<td class=\"value\">1,43<\/td>\n<td class=\"value\">1,43<\/td>\n<td class=\"value\">1,51<\/td>\n<td class=\"value\">1,58<\/td>\n<td class=\"value\">1,55<\/td>\n<td class=\"value\">1,55<\/td>\n<td class=\"value\">1,55<\/td>\n<td class=\"messweise\">Verh\u00e4ltnis aus Stack zu Reach<\/td>\n<\/tr>\n<tr>\n<th scope=\"row\">Sattelst\u00fctze \u00d8<\/th>\n<td class=\"messpunkt\"><\/td>\n<td class=\"value\">27,2<\/td>\n<td class=\"value\">27,2<\/td>\n<td class=\"value\">27,2<\/td>\n<td class=\"value\">27,2<\/td>\n<td class=\"value\">27,2<\/td>\n<td class=\"value\">27,2<\/td>\n<td class=\"value\">27,2<\/td>\n<td class=\"messweise\"><\/td>\n<\/tr>\n<tr>\n<th scope=\"row\">Vorbaul\u00e4nge<\/th>\n<td class=\"messpunkt\"><\/td>\n<td class=\"value\">80<\/td>\n<td class=\"value\">90<\/td>\n<td class=\"value\">100<\/td>\n<td class=\"value\">100<\/td>\n<td class=\"value\">110<\/td>\n<td class=\"value\">110<\/td>\n<td class=\"value\">120<\/td>\n<td class=\"messweise\">Mitte-Mitte<\/td>\n<\/tr>\n<tr>\n<th scope=\"row\">Vorbauwinkel\u00a0(\u00b0)<\/th>\n<td class=\"messpunkt\"><\/td>\n<td class=\"value\">-6<\/td>\n<td class=\"value\">-6<\/td>\n<td class=\"value\">-6<\/td>\n<td class=\"value\">-6<\/td>\n<td class=\"value\">-6<\/td>\n<td class=\"value\">-6<\/td>\n<td class=\"value\">-6<\/td>\n<td class=\"messweise\"><\/td>\n<\/tr>\n<tr>\n<th scope=\"row\">Lenkerklemmung<\/th>\n<td class=\"messpunkt\"><\/td>\n<td class=\"value\">31,8<\/td>\n<td class=\"value\">31,8<\/td>\n<td class=\"value\">31,8<\/td>\n<td class=\"value\">31,8<\/td>\n<td class=\"value\">31,8<\/td>\n<td class=\"value\">31,8<\/td>\n<td class=\"value\">31,8<\/td>\n<td class=\"messweise\"><\/td>\n<\/tr>\n<tr>\n<th scope=\"row\">Spacerbest\u00fcckung<\/th>\n<td class=\"messpunkt\"><\/td>\n<td class=\"value\" colspan=\"7\">5 + 2*10<\/td>\n<td class=\"messweise\"><\/td>\n<\/tr>\n<tr>\n<th scope=\"row\">Lenkerbreite<\/th>\n<td class=\"messpunkt\"><\/td>\n<td class=\"value\">420<\/td>\n<td class=\"value\">420<\/td>\n<td class=\"value\">420<\/td>\n<td class=\"value\">440<\/td>\n<td class=\"value\">440<\/td>\n<td class=\"value\">440<\/td>\n<td class=\"value\">440<\/td>\n<td class=\"messweise\"><\/td>\n<\/tr>\n<tr>\n<th scope=\"row\">Kurbell\u00e4nge<\/th>\n<td class=\"messpunkt\"><\/td>\n<td class=\"value\">170<\/td>\n<td class=\"value\">170<\/td>\n<td class=\"value\">172,5<\/td>\n<td class=\"value\">172,5<\/td>\n<td class=\"value\">175<\/td>\n<td class=\"value\">175<\/td>\n<td class=\"value\">175<\/td>\n<td class=\"messweise\"><\/td>\n<\/tr>\n<\/tbody>\n<tfoot>\n<tr>\n<th scope=\"row\"><\/th>\n<th class=\"messpunkt\" scope=\"col\"><\/th>\n<th class=\"value\" scope=\"col\">50<\/th>\n<th class=\"value\" scope=\"col\">52<\/th>\n<th class=\"value\" scope=\"col\">54<\/th>\n<th class=\"value\" scope=\"col\">56<\/th>\n<th class=\"value\" scope=\"col\">58<\/th>\n<th class=\"value\" scope=\"col\">60<\/th>\n<th class=\"value\" scope=\"col\">62<\/th>\n<th class=\"messweise\" scope=\"col\"><\/th>\n<\/tr>\n<\/tfoot>\n<\/table>\n<\/div>\n","protected":false},"excerpt":{"rendered":"<p>Schneller. Einfach. Sicher. Wir haben unseren Top-Crosser mit Aluminiumrahmen weiter verfeinert, damit Sie im Wettkampf wie im Alltag mehr Speed UND mehr Kontrolle genie\u00dfen. Die Vollcarbongabel mit konischem Schaftrohr (1.5&#8243;!) steckt die Kraft der Flatmount-Scheibenbremsen locker weg und kann mit Schutzblechen aufger\u00fcstet werden. Der Shimano GRX 1x11fach-Antrieb sorgt daf\u00fcr, dass den DT Swiss-Laufr\u00e4dern \u2013 mit [&hellip;]<\/p>\n","protected":false},"featured_media":164,"template":"","meta":[],"product_brand":[],"product_cat":[22],"product_tag":[19],"class_list":{"0":"post-219","1":"product","2":"type-product","3":"status-publish","4":"has-post-thumbnail","6":"product_cat-stevens","7":"product_tag-19","8":"product_shipping_class-abholung","10":"first","11":"instock","12":"taxable","13":"shipping-taxable","14":"purchasable","15":"product-type-simple"},"_links":{"self":[{"href":"https:\/\/grupetto.de\/shop\/wp-json\/wp\/v2\/product\/219","targetHints":{"allow":["GET"]}}],"collection":[{"href":"https:\/\/grupetto.de\/shop\/wp-json\/wp\/v2\/product"}],"about":[{"href":"https:\/\/grupetto.de\/shop\/wp-json\/wp\/v2\/types\/product"}],"wp:featuredmedia":[{"embeddable":true,"href":"https:\/\/grupetto.de\/shop\/wp-json\/wp\/v2\/media\/164"}],"wp:attachment":[{"href":"https:\/\/grupetto.de\/shop\/wp-json\/wp\/v2\/media?parent=219"}],"wp:term":[{"taxonomy":"product_brand","embeddable":true,"href":"https:\/\/grupetto.de\/shop\/wp-json\/wp\/v2\/product_brand?post=219"},{"taxonomy":"product_cat","embeddable":true,"href":"https:\/\/grupetto.de\/shop\/wp-json\/wp\/v2\/product_cat?post=219"},{"taxonomy":"product_tag","embeddable":true,"href":"https:\/\/grupetto.de\/shop\/wp-json\/wp\/v2\/product_tag?post=219"}],"curies":[{"name":"wp","href":"https:\/\/api.w.org\/{rel}","templated":true}]}}