{"id":1159,"date":"2025-01-18T19:07:27","date_gmt":"2025-01-18T18:07:27","guid":{"rendered":"https:\/\/grupetto.de\/shop\/fahrrad\/uncategorized\/cross-strada-600-24-58-phantom-grey\/"},"modified":"2025-06-03T01:07:47","modified_gmt":"2025-06-02T23:07:47","slug":"cross-strada-600-24-58-phantom-grey","status":"publish","type":"product","link":"https:\/\/grupetto.de\/shop\/fahrrad\/stevens\/cross-strada-600-24-58-phantom-grey\/","title":{"rendered":"Cross Strada 600 24 58 Phantom Grey"},"content":{"rendered":"<div id=\"bike-header\" class=\"section\">\n<div>\n<div id=\"bike-text\">\n<div id=\"bikedescription\">\n<h2>Unser schnellstes Schn\u00e4ppchen<\/h2>\n<p>Sie wollen vergleichen? Nur zu: Mehr Stundenkilometer pro Euro als beim Strada 600 sind kaum m\u00f6glich. Und sein funktioneller Shimano\/FSA-Antrieb ohne minderwertige Ausrei\u00dfer garantiert, dass es jahrelang sorglos schaltet und (hydraulisch) bremst. Wenn Sie wollen, tut es das auch im Alltag \u2013 mit Schutzblechen, Gep\u00e4cktr\u00e4ger und Seitenst\u00e4nder aufgepeppt, tr\u00e4gt es t\u00e4glich Ihre Tasche ins B\u00fcro.<\/p>\n<\/div>\n<ul id=\"highlights\">\n<li>Eleganter City-Flitzer mit ausgewogener Sitzposition und integrierter St\u00e4nder-Aufnahme<\/li>\n<li>Lenkpr\u00e4zise, superleichte STEVENS S-Lite Aluminium-Gabel<\/li>\n<li>Optimierte Steifigkeit und Komfort dank konischen Sitzrohrs<\/li>\n<li>Shimano Tiagra\/FSA 2x10fach-Antrieb<\/li>\n<li>Zuverl\u00e4ssige Tektro Hydraulik-Scheibenbremsen<\/li>\n<\/ul>\n<\/div>\n<\/div>\n<\/div>\n<div id=\"bike-tasks\" class=\"section\">\n<div><\/div>\n<\/div>\n<div id=\"bike-features\" class=\"section gray\">\n<div>\n<div class=\"tech grid\">\n<article>\n<div class=\"ce_text\">\n<div class=\"text\">\n<p class=\"more\">\n<\/div>\n<\/div>\n<\/article>\n<\/div>\n<\/div>\n<\/div>\n<div id=\"bike-specs\" class=\"section\">\n<div>\n<div class=\"header\">\n<h2 class=\"h1\">Ausstattung<\/h2>\n<\/div>\n<\/div>\n<\/div>\n<div class=\"specs grid\">\n<section class=\"art-group\">\n<h3>Chassis<\/h3>\n<dl class=\"closed hasextra\">\n<dt><img decoding=\"async\" src=\"https:\/\/www.stevensbikes.de\/all\/img\/icons\/ausstattung\/rohrmaterial.gif\" alt=\"\" \/> Rahmen<\/dt>\n<dd class=\"art-name\">Aluminium 6061 TB<\/dd>\n<\/dl>\n<dl class=\"closed hasextra\">\n<dt><img decoding=\"async\" src=\"https:\/\/www.stevensbikes.de\/all\/img\/icons\/ausstattung\/gabel.gif\" alt=\"\" \/> Gabel<\/dt>\n<dd class=\"art-name\">STEVENS S-Lite Aluminium<\/dd>\n<\/dl>\n<dl class=\"closed hasextra\">\n<dt><img decoding=\"async\" src=\"https:\/\/www.stevensbikes.de\/all\/img\/icons\/ausstattung\/steuersatz.gif\" alt=\"\" \/> Steuersatz<\/dt>\n<dd class=\"art-name\">STEVENS AH 1 1\/8&#8243;<\/dd>\n<\/dl>\n<dl class=\"closed hasextra\">\n<dt><img decoding=\"async\" src=\"https:\/\/www.stevensbikes.de\/all\/img\/icons\/ausstattung\/bremse.gif\" alt=\"\" \/> Bremse vorne<\/dt>\n<dd class=\"art-name\">Tektro HD-T280<\/dd>\n<\/dl>\n<dl class=\"closed hasextra\">\n<dt><img decoding=\"async\" src=\"https:\/\/www.stevensbikes.de\/all\/img\/icons\/ausstattung\/bremse.gif\" alt=\"\" \/> Bremse hinten<\/dt>\n<dd class=\"art-name\">Tektro HD-T280<\/dd>\n<\/dl>\n<dl class=\"closed hasextra\">\n<dt><img decoding=\"async\" src=\"https:\/\/www.stevensbikes.de\/all\/img\/icons\/ausstattung\/disc.gif\" alt=\"\" \/> Bremsscheiben<\/dt>\n<dd class=\"art-name\">Shimano SM-RT30<\/dd>\n<\/dl>\n<\/section>\n<section class=\"art-group\">\n<h3>Antrieb<\/h3>\n<dl class=\"closed hasextra\">\n<dt><img decoding=\"async\" src=\"https:\/\/www.stevensbikes.de\/all\/img\/icons\/ausstattung\/kurbel.gif\" alt=\"\" \/> Kurbelsatz<\/dt>\n<dd class=\"art-name\">FSA CK-400<\/dd>\n<\/dl>\n<dl class=\"closed hasextra\">\n<dt><img decoding=\"async\" src=\"https:\/\/www.stevensbikes.de\/all\/img\/icons\/ausstattung\/schaltungv.gif\" alt=\"\" \/> Umwerfer vorne<\/dt>\n<dd class=\"art-name\">Shimano Tiagra<\/dd>\n<\/dl>\n<dl class=\"closed hasextra\">\n<dt><img decoding=\"async\" src=\"https:\/\/www.stevensbikes.de\/all\/img\/icons\/ausstattung\/schaltungh.gif\" alt=\"\" \/> Schaltung hinten<\/dt>\n<dd class=\"art-name\">Shimano Tiagra<\/dd>\n<\/dl>\n<dl>\n<dt><img decoding=\"async\" src=\"https:\/\/www.stevensbikes.de\/all\/img\/icons\/ausstattung\/kette.gif\" alt=\"\" \/> Kette<\/dt>\n<dd class=\"art-name\">Shimano CN-HG54<\/dd>\n<\/dl>\n<dl class=\"closed hasextra\">\n<dt><img decoding=\"async\" src=\"https:\/\/www.stevensbikes.de\/all\/img\/icons\/ausstattung\/ritzel.gif\" alt=\"\" \/> Kassette<\/dt>\n<dd class=\"art-name\">Shimano CS-HG500<\/dd>\n<\/dl>\n<dl>\n<dt><img decoding=\"async\" src=\"https:\/\/www.stevensbikes.de\/all\/img\/icons\/ausstattung\/pedale.gif\" alt=\"\" \/> Pedale<\/dt>\n<dd class=\"art-name\">ATB Alu Comp Reflex<\/dd>\n<\/dl>\n<\/section>\n<section class=\"art-group\">\n<h3>Laufr\u00e4der<\/h3>\n<dl class=\"closed hasextra\">\n<dt><img decoding=\"async\" src=\"https:\/\/www.stevensbikes.de\/all\/img\/icons\/ausstattung\/naben.gif\" alt=\"\" \/> Nabe hinten<\/dt>\n<dd class=\"art-name\">Shimano Deore<\/dd>\n<\/dl>\n<dl class=\"closed hasextra\">\n<dt><img decoding=\"async\" src=\"https:\/\/www.stevensbikes.de\/all\/img\/icons\/ausstattung\/naben.gif\" alt=\"\" \/> Nabe vorne<\/dt>\n<dd class=\"art-name\">Shimano Deore<\/dd>\n<\/dl>\n<dl class=\"closed hasextra\">\n<dt><img decoding=\"async\" src=\"https:\/\/www.stevensbikes.de\/all\/img\/icons\/ausstattung\/felge.gif\" alt=\"\" \/> Felgen<\/dt>\n<dd class=\"art-name\">Oxygen COMP-D A19<\/dd>\n<\/dl>\n<dl class=\"closed hasextra\">\n<dt><img decoding=\"async\" src=\"https:\/\/www.stevensbikes.de\/all\/img\/icons\/ausstattung\/reifen.gif\" alt=\"\" \/> Reifen<\/dt>\n<dd class=\"art-name\">Schwalbe Spicer Plus<\/dd>\n<\/dl>\n<\/section>\n<section class=\"art-group\">\n<h3>Cockpit<\/h3>\n<dl class=\"closed hasextra\">\n<dt><img decoding=\"async\" src=\"https:\/\/www.stevensbikes.de\/all\/img\/icons\/ausstattung\/lenker.gif\" alt=\"\" \/> Lenker<\/dt>\n<dd class=\"art-name\">Oxygen Driver<\/dd>\n<\/dl>\n<dl class=\"closed hasextra\">\n<dt><img decoding=\"async\" src=\"https:\/\/www.stevensbikes.de\/all\/img\/icons\/ausstattung\/vorbau.gif\" alt=\"\" \/> Vorbau<\/dt>\n<dd class=\"art-name\">Oxygen Driver<\/dd>\n<\/dl>\n<dl>\n<dt><img decoding=\"async\" src=\"https:\/\/www.stevensbikes.de\/all\/img\/icons\/ausstattung\/sattel.gif\" alt=\"\" \/> Sattel<\/dt>\n<dd class=\"art-name\">Oxygen Havoc<\/dd>\n<\/dl>\n<dl class=\"closed hasextra\">\n<dt><img decoding=\"async\" src=\"https:\/\/www.stevensbikes.de\/all\/img\/icons\/ausstattung\/sstuetze.gif\" alt=\"\" \/> Sattelst\u00fctze<\/dt>\n<dd class=\"art-name\">Oxygen Driver<\/dd>\n<\/dl>\n<dl class=\"closed hasextra\">\n<dt><img decoding=\"async\" src=\"https:\/\/www.stevensbikes.de\/all\/img\/icons\/ausstattung\/schalthebel.gif\" alt=\"\" \/> Schalthebel links<\/dt>\n<dd class=\"art-name\">Shimano Tiagra<\/dd>\n<\/dl>\n<dl class=\"closed hasextra\">\n<dt><img decoding=\"async\" src=\"https:\/\/www.stevensbikes.de\/all\/img\/icons\/ausstattung\/schalthebel.gif\" alt=\"\" \/> Schalthebel rechts<\/dt>\n<dd class=\"art-name\">Shimano Tiagra<\/dd>\n<\/dl>\n<\/section>\n<section class=\"art-group\">\n<h3>Daten<\/h3>\n<dl>\n<dt><img decoding=\"async\" src=\"https:\/\/www.stevensbikes.de\/all\/img\/icons\/ausstattung\/gewicht.gif\" alt=\"\" \/> Gewicht<\/dt>\n<dd class=\"art-name\">10,9 kg<\/dd>\n<\/dl>\n<dl>\n<dt><img decoding=\"async\" src=\"https:\/\/www.stevensbikes.de\/all\/img\/icons\/ausstattung\/gewicht.gif\" alt=\"\" \/> Zul. Gesamtgewicht<\/dt>\n<dd class=\"art-name\">130 kg<\/dd>\n<\/dl>\n<dl>\n<dt><img decoding=\"async\" src=\"https:\/\/www.stevensbikes.de\/all\/img\/icons\/ausstattung\/farbe.gif\" alt=\"\" \/> Farbe(n)<\/dt>\n<dd class=\"art-name\">Phantom Grey<\/dd>\n<\/dl>\n<\/section>\n<\/div>\n","protected":false},"excerpt":{"rendered":"<p>Unser schnellstes Schn\u00e4ppchen Sie wollen vergleichen? Nur zu: Mehr Stundenkilometer pro Euro als beim Strada 600 sind kaum m\u00f6glich. Und sein funktioneller Shimano\/FSA-Antrieb ohne minderwertige Ausrei\u00dfer garantiert, dass es jahrelang sorglos schaltet und (hydraulisch) bremst. Wenn Sie wollen, tut es das auch im Alltag \u2013 mit Schutzblechen, Gep\u00e4cktr\u00e4ger und Seitenst\u00e4nder aufgepeppt, tr\u00e4gt es t\u00e4glich Ihre [&hellip;]<\/p>\n","protected":false},"featured_media":1375,"template":"","meta":[],"product_brand":[],"product_cat":[22],"product_tag":[28],"class_list":{"0":"post-1159","1":"product","2":"type-product","3":"status-publish","4":"has-post-thumbnail","6":"product_cat-stevens","7":"product_tag-28","9":"first","10":"instock","11":"taxable","12":"shipping-taxable","13":"purchasable","14":"product-type-simple"},"_links":{"self":[{"href":"https:\/\/grupetto.de\/shop\/wp-json\/wp\/v2\/product\/1159","targetHints":{"allow":["GET"]}}],"collection":[{"href":"https:\/\/grupetto.de\/shop\/wp-json\/wp\/v2\/product"}],"about":[{"href":"https:\/\/grupetto.de\/shop\/wp-json\/wp\/v2\/types\/product"}],"wp:featuredmedia":[{"embeddable":true,"href":"https:\/\/grupetto.de\/shop\/wp-json\/wp\/v2\/media\/1375"}],"wp:attachment":[{"href":"https:\/\/grupetto.de\/shop\/wp-json\/wp\/v2\/media?parent=1159"}],"wp:term":[{"taxonomy":"product_brand","embeddable":true,"href":"https:\/\/grupetto.de\/shop\/wp-json\/wp\/v2\/product_brand?post=1159"},{"taxonomy":"product_cat","embeddable":true,"href":"https:\/\/grupetto.de\/shop\/wp-json\/wp\/v2\/product_cat?post=1159"},{"taxonomy":"product_tag","embeddable":true,"href":"https:\/\/grupetto.de\/shop\/wp-json\/wp\/v2\/product_tag?post=1159"}],"curies":[{"name":"wp","href":"https:\/\/api.w.org\/{rel}","templated":true}]}}