{"id":1129,"date":"2025-01-18T19:07:14","date_gmt":"2025-01-18T18:07:14","guid":{"rendered":"https:\/\/grupetto.de\/shop\/fahrrad\/uncategorized\/cross-6x-lite-tour-ht-24-55-stealth-black\/"},"modified":"2026-03-24T19:07:10","modified_gmt":"2026-03-24T18:07:10","slug":"cross-6x-lite-tour-ht-24-55-stealth-black","status":"publish","type":"product","link":"https:\/\/grupetto.de\/shop\/fahrrad\/stevens\/cross-6x-lite-tour-ht-24-55-stealth-black\/","title":{"rendered":"Cross 6X Lite Tour HT 24 55 Stealth Black"},"content":{"rendered":"<div id=\"bike-header\" class=\"section\">\n<div>\n<div id=\"bike-text\">\n<div id=\"bikedescription\">\n<h2>Schwarz. Stark. Sportlich<\/h2>\n<p>Mit einem angenehm niedrigen Gewicht trotz vollst\u00e4ndiger Alltags-Ausstattung tr\u00e4gt es sich leicht vor die T\u00fcr \u2013 nicht zuletzt dank unserer S-Lite Aluminium-Gabel. Die CUES Linkglide-Antriebskomponenten von Shimano versprechen \u00fcber lange Zeit und viele Kilometer pr\u00e4zise und zuverl\u00e4ssige Funktion. Also verbringen Sie und Ihr 6X Lite Tour sehr viel Zeit da drau\u00dfen und nur ganz wenig Zeit drinnen, in der Werkstatt.<\/p>\n<\/div>\n<ul id=\"highlights\">\n<li>Leichter Sport-Tourer<\/li>\n<li>Superleichte, lenkpr\u00e4zise STEVENS S-Lite Aluminium-Gabel<\/li>\n<li>Shimano CUES U6000 Linkglide 2x10fach-Schaltung<\/li>\n<li>Komplette Touren-Ausstattung<\/li>\n<li>LED-Scheinwerfer mit Tagfahr- und Standr\u00fccklicht<\/li>\n<\/ul>\n<\/div>\n<\/div>\n<\/div>\n<div id=\"bike-tasks\" class=\"section\">\n<div><\/div>\n<\/div>\n<div id=\"bike-gallery\" class=\"section gray\"><\/div>\n<div id=\"bike-gallery\" class=\"section gray\">\n<div>\n<div><\/div>\n<\/div>\n<\/div>\n<div id=\"bike-specs\" class=\"section\">\n<div>\n<div class=\"header\">\n<h2 class=\"h1\">Ausstattung<\/h2>\n<\/div>\n<\/div>\n<\/div>\n<div class=\"specs grid\">\n<section class=\"art-group\">\n<h3>Chassis<\/h3>\n<dl class=\"closed hasextra\">\n<dt><img decoding=\"async\" src=\"https:\/\/www.stevensbikes.de\/all\/img\/icons\/ausstattung\/rohrmaterial.gif\" alt=\"\" \/> Rahmen<\/dt>\n<dd class=\"art-name\">Aluminium 6061 DB<\/dd>\n<\/dl>\n<dl class=\"closed hasextra\">\n<dt><img decoding=\"async\" src=\"https:\/\/www.stevensbikes.de\/all\/img\/icons\/ausstattung\/gabel.gif\" alt=\"\" \/> Gabel<\/dt>\n<dd class=\"art-name\">STEVENS S-Lite Aluminium<\/dd>\n<\/dl>\n<dl class=\"closed hasextra\">\n<dt><img decoding=\"async\" src=\"https:\/\/www.stevensbikes.de\/all\/img\/icons\/ausstattung\/steuersatz.gif\" alt=\"\" \/> Steuersatz<\/dt>\n<dd class=\"art-name\">STEVENS AH 1 1\/8&#8243;<\/dd>\n<\/dl>\n<dl class=\"closed hasextra\">\n<dt><img decoding=\"async\" src=\"https:\/\/www.stevensbikes.de\/all\/img\/icons\/ausstattung\/bremse.gif\" alt=\"\" \/> Bremse vorne<\/dt>\n<dd class=\"art-name\">Tektro HD-T280<\/dd>\n<\/dl>\n<dl class=\"closed hasextra\">\n<dt><img decoding=\"async\" src=\"https:\/\/www.stevensbikes.de\/all\/img\/icons\/ausstattung\/bremse.gif\" alt=\"\" \/> Bremse hinten<\/dt>\n<dd class=\"art-name\">Tektro HD-T280<\/dd>\n<\/dl>\n<dl class=\"closed hasextra\">\n<dt><img decoding=\"async\" src=\"https:\/\/www.stevensbikes.de\/all\/img\/icons\/ausstattung\/disc.gif\" alt=\"\" \/> Bremsscheibe vorne<\/dt>\n<dd class=\"art-name\">Tektro TR180-35A<\/dd>\n<\/dl>\n<dl class=\"closed hasextra\">\n<dt><img decoding=\"async\" src=\"https:\/\/www.stevensbikes.de\/all\/img\/icons\/ausstattung\/disc.gif\" alt=\"\" \/> Bremsscheibe hinten<\/dt>\n<dd class=\"art-name\">Tektro TR160-35<\/dd>\n<\/dl>\n<\/section>\n<section class=\"art-group\">\n<h3>Antrieb<\/h3>\n<dl class=\"closed hasextra\">\n<dt><img decoding=\"async\" src=\"https:\/\/www.stevensbikes.de\/all\/img\/icons\/ausstattung\/kurbel.gif\" alt=\"\" \/> Kurbelsatz<\/dt>\n<dd class=\"art-name\">Shimano CUES U6000<\/dd>\n<\/dl>\n<dl class=\"closed hasextra\">\n<dt><img decoding=\"async\" src=\"https:\/\/www.stevensbikes.de\/all\/img\/icons\/ausstattung\/schaltungv.gif\" alt=\"\" \/> Umwerfer vorne<\/dt>\n<dd class=\"art-name\">Shimano CUES U6000<\/dd>\n<\/dl>\n<dl class=\"closed hasextra\">\n<dt><img decoding=\"async\" src=\"https:\/\/www.stevensbikes.de\/all\/img\/icons\/ausstattung\/schaltungh.gif\" alt=\"\" \/> Schaltung hinten<\/dt>\n<dd class=\"art-name\">Shimano CUES U6000 Shadow<\/dd>\n<\/dl>\n<dl class=\"closed hasextra\">\n<dt><img decoding=\"async\" src=\"https:\/\/www.stevensbikes.de\/all\/img\/icons\/ausstattung\/kette.gif\" alt=\"\" \/> Kette<\/dt>\n<dd class=\"art-name\">Shimano CN-LG500<\/dd>\n<\/dl>\n<dl class=\"closed hasextra\">\n<dt><img decoding=\"async\" src=\"https:\/\/www.stevensbikes.de\/all\/img\/icons\/ausstattung\/ritzel.gif\" alt=\"\" \/> Kassette<\/dt>\n<dd class=\"art-name\">Shimano CS-LG300-10<\/dd>\n<\/dl>\n<dl>\n<dt><img decoding=\"async\" src=\"https:\/\/www.stevensbikes.de\/all\/img\/icons\/ausstattung\/pedale.gif\" alt=\"\" \/> Pedale<\/dt>\n<dd class=\"art-name\">ATB Alu Pro Reflex<\/dd>\n<\/dl>\n<\/section>\n<section class=\"art-group\">\n<h3>Laufr\u00e4der<\/h3>\n<dl class=\"closed hasextra\">\n<dt><img decoding=\"async\" src=\"https:\/\/www.stevensbikes.de\/all\/img\/icons\/ausstattung\/naben.gif\" alt=\"\" \/> Nabe hinten<\/dt>\n<dd class=\"art-name\">Formula CL-26<\/dd>\n<\/dl>\n<dl class=\"closed hasextra\">\n<dt><img decoding=\"async\" src=\"https:\/\/www.stevensbikes.de\/all\/img\/icons\/ausstattung\/naben.gif\" alt=\"\" \/> Nabe vorne<\/dt>\n<dd class=\"art-name\">Shimano DH-3D37<\/dd>\n<\/dl>\n<dl class=\"closed hasextra\">\n<dt><img decoding=\"async\" src=\"https:\/\/www.stevensbikes.de\/all\/img\/icons\/ausstattung\/felge.gif\" alt=\"\" \/> Felgen<\/dt>\n<dd class=\"art-name\">Oxygen RM-23 Disc<\/dd>\n<\/dl>\n<dl class=\"closed hasextra\">\n<dt><img decoding=\"async\" src=\"https:\/\/www.stevensbikes.de\/all\/img\/icons\/ausstattung\/reifen.gif\" alt=\"\" \/> Reifen<\/dt>\n<dd class=\"art-name\">Schwalbe G-One Allround Performance<\/dd>\n<\/dl>\n<\/section>\n<section class=\"art-group\">\n<h3>Cockpit<\/h3>\n<dl class=\"closed hasextra\">\n<dt><img decoding=\"async\" src=\"https:\/\/www.stevensbikes.de\/all\/img\/icons\/ausstattung\/lenker.gif\" alt=\"\" \/> Lenker<\/dt>\n<dd class=\"art-name\">Oxygen Driver<\/dd>\n<\/dl>\n<dl class=\"closed hasextra\">\n<dt><img decoding=\"async\" src=\"https:\/\/www.stevensbikes.de\/all\/img\/icons\/ausstattung\/vorbau.gif\" alt=\"\" \/> Vorbau<\/dt>\n<dd class=\"art-name\">Oxygen Driver<\/dd>\n<\/dl>\n<dl>\n<dt><img decoding=\"async\" src=\"https:\/\/www.stevensbikes.de\/all\/img\/icons\/ausstattung\/sattel.gif\" alt=\"\" \/> Sattel<\/dt>\n<dd class=\"art-name\">Oxygen Havoc<\/dd>\n<\/dl>\n<dl class=\"closed hasextra\">\n<dt><img decoding=\"async\" src=\"https:\/\/www.stevensbikes.de\/all\/img\/icons\/ausstattung\/sstuetze.gif\" alt=\"\" \/> Sattelst\u00fctze<\/dt>\n<dd class=\"art-name\">Oxygen Driver<\/dd>\n<\/dl>\n<dl class=\"closed hasextra\">\n<dt><img decoding=\"async\" src=\"https:\/\/www.stevensbikes.de\/all\/img\/icons\/ausstattung\/schalthebel.gif\" alt=\"\" \/> Schalthebel links<\/dt>\n<dd class=\"art-name\">Shimano CUES U6000<\/dd>\n<\/dl>\n<dl class=\"closed hasextra\">\n<dt><img decoding=\"async\" src=\"https:\/\/www.stevensbikes.de\/all\/img\/icons\/ausstattung\/schalthebel.gif\" alt=\"\" \/> Schalthebel rechts<\/dt>\n<dd class=\"art-name\">Shimano CUES U6000<\/dd>\n<\/dl>\n<dl class=\"closed hasextra\">\n<dt><img decoding=\"async\" src=\"https:\/\/www.stevensbikes.de\/all\/img\/icons\/ausstattung\/bremshebel.gif\" alt=\"\" \/> Bremshebel<\/dt>\n<dd class=\"art-name\">Tektro HD-T280<\/dd>\n<\/dl>\n<dl class=\"closed hasextra\">\n<dt><img decoding=\"async\" src=\"https:\/\/www.stevensbikes.de\/all\/img\/icons\/ausstattung\/licht_v.gif\" alt=\"\" \/> Licht vorne<\/dt>\n<dd class=\"art-name\">B+M Briq-S T Senso+<\/dd>\n<\/dl>\n<dl class=\"closed hasextra\">\n<dt><img decoding=\"async\" src=\"https:\/\/www.stevensbikes.de\/all\/img\/icons\/ausstattung\/licht_h.gif\" alt=\"\" \/> R\u00fccklicht<\/dt>\n<dd class=\"art-name\">AXA Juno<\/dd>\n<\/dl>\n<dl class=\"closed hasextra\">\n<dt><img decoding=\"async\" src=\"https:\/\/www.stevensbikes.de\/all\/img\/icons\/ausstattung\/gtraeger.gif\" alt=\"\" \/> Gep\u00e4cktr\u00e4ger<\/dt>\n<dd class=\"art-name\">Racktime Eco IMM Gep\u00e4cktr\u00e4ger<\/dd>\n<\/dl>\n<dl>\n<dt><img decoding=\"async\" src=\"https:\/\/www.stevensbikes.de\/all\/img\/icons\/ausstattung\/bleche.gif\" alt=\"\" \/> Schutzbleche<\/dt>\n<dd class=\"art-name\">SKS Schutzbleche<\/dd>\n<\/dl>\n<dl class=\"closed hasextra\">\n<dt><img decoding=\"async\" src=\"https:\/\/www.stevensbikes.de\/all\/img\/icons\/ausstattung\/staender.gif\" alt=\"\" \/> St\u00e4nder<\/dt>\n<dd class=\"art-name\">Pletscher Comp St\u00e4nder<\/dd>\n<\/dl>\n<dl>\n<dt><img decoding=\"async\" src=\"https:\/\/www.stevensbikes.de\/all\/img\/icons\/ausstattung\/klingel.gif\" alt=\"\" \/> Klingel<\/dt>\n<dd class=\"art-name\">STEVENS Alu Klingel<\/dd>\n<\/dl>\n<\/section>\n<section class=\"art-group\">\n<h3>Daten<\/h3>\n<dl>\n<dt><img decoding=\"async\" src=\"https:\/\/www.stevensbikes.de\/all\/img\/icons\/ausstattung\/gewicht.gif\" alt=\"\" \/> Gewicht<\/dt>\n<dd class=\"art-name\">14,5 kg<\/dd>\n<\/dl>\n<dl>\n<dt><img decoding=\"async\" src=\"https:\/\/www.stevensbikes.de\/all\/img\/icons\/ausstattung\/gewicht.gif\" alt=\"\" \/> Zul. Gesamtgewicht<\/dt>\n<dd class=\"art-name\">130 kg<\/dd>\n<\/dl>\n<\/section>\n<\/div>\n","protected":false},"excerpt":{"rendered":"<p>Schwarz. Stark. Sportlich Mit einem angenehm niedrigen Gewicht trotz vollst\u00e4ndiger Alltags-Ausstattung tr\u00e4gt es sich leicht vor die T\u00fcr \u2013 nicht zuletzt dank unserer S-Lite Aluminium-Gabel. Die CUES Linkglide-Antriebskomponenten von Shimano versprechen \u00fcber lange Zeit und viele Kilometer pr\u00e4zise und zuverl\u00e4ssige Funktion. Also verbringen Sie und Ihr 6X Lite Tour sehr viel Zeit da drau\u00dfen und [&hellip;]<\/p>\n","protected":false},"featured_media":1268,"template":"","meta":[],"product_brand":[],"product_cat":[22],"product_tag":[54],"class_list":{"0":"post-1129","1":"product","2":"type-product","3":"status-publish","4":"has-post-thumbnail","6":"product_cat-stevens","7":"product_tag-54","9":"first","10":"instock","11":"taxable","12":"shipping-taxable","13":"purchasable","14":"product-type-simple"},"_links":{"self":[{"href":"https:\/\/grupetto.de\/shop\/wp-json\/wp\/v2\/product\/1129","targetHints":{"allow":["GET"]}}],"collection":[{"href":"https:\/\/grupetto.de\/shop\/wp-json\/wp\/v2\/product"}],"about":[{"href":"https:\/\/grupetto.de\/shop\/wp-json\/wp\/v2\/types\/product"}],"wp:featuredmedia":[{"embeddable":true,"href":"https:\/\/grupetto.de\/shop\/wp-json\/wp\/v2\/media\/1268"}],"wp:attachment":[{"href":"https:\/\/grupetto.de\/shop\/wp-json\/wp\/v2\/media?parent=1129"}],"wp:term":[{"taxonomy":"product_brand","embeddable":true,"href":"https:\/\/grupetto.de\/shop\/wp-json\/wp\/v2\/product_brand?post=1129"},{"taxonomy":"product_cat","embeddable":true,"href":"https:\/\/grupetto.de\/shop\/wp-json\/wp\/v2\/product_cat?post=1129"},{"taxonomy":"product_tag","embeddable":true,"href":"https:\/\/grupetto.de\/shop\/wp-json\/wp\/v2\/product_tag?post=1129"}],"curies":[{"name":"wp","href":"https:\/\/api.w.org\/{rel}","templated":true}]}}