{"id":1117,"date":"2025-01-18T19:07:09","date_gmt":"2025-01-18T18:07:09","guid":{"rendered":"https:\/\/grupetto.de\/shop\/fahrrad\/uncategorized\/cross-8x-lite-tour-lt-24-50-slate-grey\/"},"modified":"2025-06-02T23:07:25","modified_gmt":"2025-06-02T21:07:25","slug":"cross-8x-lite-tour-lt-24-50-slate-grey","status":"publish","type":"product","link":"https:\/\/grupetto.de\/shop\/fahrrad\/stevens\/cross-8x-lite-tour-lt-24-50-slate-grey\/","title":{"rendered":"Cross 8X Lite Tour LT 24 50 Slate Grey"},"content":{"rendered":"<div id=\"bike-header\" class=\"section\">\n<div>\n<div id=\"bike-text\">\n<div id=\"bikedescription\">\n<h2>Highlights, wohin das Auge blickt<\/h2>\n<p>Das 8X Lite Tour ist ein Sport-Tourer mit makelloser Top-Ausstattung \u2013 das best\u00e4tigen auch die Tests in Magazinen. Hier summieren sich ein geschmeidiger und verschlei\u00dffester Shimano CUES U8000 Linkglide 2x11fach-Antrieb, Deore XT-Scheibenbremsen und die superhelle Busch+M\u00fcller-Lichtanlage zu einem \u00e4u\u00dferst geringen Gesamtgewicht. Alles an ihm dr\u00e4ngt nach vorne, nach oben, zum Tagesziel oder hinter den Horizont. Das ist zu weit? Das ist doch kein Problem, oder?<\/p>\n<\/div>\n<ul id=\"highlights\">\n<li>Edler Sport-Tourer mit Top-Ausstattung<\/li>\n<li>Shimano CUES U8000 Linkglide 2x11fach-Antrieb und Deore XT-Scheibenbremsen<\/li>\n<li>Superleichte S-Lite Aluminium-Gabel<\/li>\n<li>Busch + M\u00fcller IQ-X Scheinwerfer mit leuchtstarken 100 Lux<\/li>\n<li>Innenverlegte Kabel und Z\u00fcge f\u00fcr eine aufger\u00e4umtere Optik<\/li>\n<\/ul>\n<\/div>\n<\/div>\n<\/div>\n<div id=\"bike-tasks\" class=\"section\">\n<div><\/div>\n<\/div>\n<div id=\"bike-gallery\" class=\"section gray\">\n<div>\n<div><\/div>\n<\/div>\n<\/div>\n<div id=\"bike-specs\" class=\"section\">\n<div>\n<div class=\"header\">\n<h2 class=\"h1\">Ausstattung<\/h2>\n<\/div>\n<\/div>\n<\/div>\n<div class=\"specs grid\">\n<section class=\"art-group\">\n<h3>Chassis<\/h3>\n<dl class=\"closed hasextra\">\n<dt><img decoding=\"async\" src=\"https:\/\/www.stevensbikes.de\/all\/img\/icons\/ausstattung\/rohrmaterial.gif\" alt=\"\" \/> Rahmen<\/dt>\n<dd class=\"art-name\">Aluminium SL 6061 TB<\/dd>\n<\/dl>\n<dl class=\"closed hasextra\">\n<dt><img decoding=\"async\" src=\"https:\/\/www.stevensbikes.de\/all\/img\/icons\/ausstattung\/gabel.gif\" alt=\"\" \/> Gabel<\/dt>\n<dd class=\"art-name\">STEVENS S-Lite Aluminium<\/dd>\n<\/dl>\n<dl class=\"closed hasextra\">\n<dt><img decoding=\"async\" src=\"https:\/\/www.stevensbikes.de\/all\/img\/icons\/ausstattung\/steuersatz.gif\" alt=\"\" \/> Steuersatz<\/dt>\n<dd class=\"art-name\">STEVENS AH Taper 1 1\/8&#8243;-1 1\/2&#8243;<\/dd>\n<\/dl>\n<dl class=\"closed hasextra\">\n<dt><img decoding=\"async\" src=\"https:\/\/www.stevensbikes.de\/all\/img\/icons\/ausstattung\/bremse.gif\" alt=\"\" \/> Bremse vorne<\/dt>\n<dd class=\"art-name\">Shimano Deore XT<\/dd>\n<\/dl>\n<dl class=\"closed hasextra\">\n<dt><img decoding=\"async\" src=\"https:\/\/www.stevensbikes.de\/all\/img\/icons\/ausstattung\/bremse.gif\" alt=\"\" \/> Bremse hinten<\/dt>\n<dd class=\"art-name\">Shimano Deore XT<\/dd>\n<\/dl>\n<dl class=\"closed hasextra\">\n<dt><img decoding=\"async\" src=\"https:\/\/www.stevensbikes.de\/all\/img\/icons\/ausstattung\/disc.gif\" alt=\"\" \/> Bremsscheibe vorne<\/dt>\n<dd class=\"art-name\">Shimano SM-RT64<\/dd>\n<\/dl>\n<dl class=\"closed hasextra\">\n<dt><img decoding=\"async\" src=\"https:\/\/www.stevensbikes.de\/all\/img\/icons\/ausstattung\/disc.gif\" alt=\"\" \/> Bremsscheibe hinten<\/dt>\n<dd class=\"art-name\">Shimano SM-RT64<\/dd>\n<\/dl>\n<\/section>\n<section class=\"art-group\">\n<h3>Antrieb<\/h3>\n<dl class=\"closed hasextra\">\n<dt><img decoding=\"async\" src=\"https:\/\/www.stevensbikes.de\/all\/img\/icons\/ausstattung\/kurbel.gif\" alt=\"\" \/> Kurbelsatz<\/dt>\n<dd class=\"art-name\">Shimano CUES U8000<\/dd>\n<\/dl>\n<dl class=\"closed hasextra\">\n<dt><img decoding=\"async\" src=\"https:\/\/www.stevensbikes.de\/all\/img\/icons\/ausstattung\/schaltungv.gif\" alt=\"\" \/> Umwerfer vorne<\/dt>\n<dd class=\"art-name\">Shimano CUES U8000<\/dd>\n<\/dl>\n<dl class=\"closed hasextra\">\n<dt><img decoding=\"async\" src=\"https:\/\/www.stevensbikes.de\/all\/img\/icons\/ausstattung\/schaltungh.gif\" alt=\"\" \/> Schaltung hinten<\/dt>\n<dd class=\"art-name\">Shimano CUES U8000 Shadow+<\/dd>\n<\/dl>\n<dl class=\"closed hasextra\">\n<dt><img decoding=\"async\" src=\"https:\/\/www.stevensbikes.de\/all\/img\/icons\/ausstattung\/kette.gif\" alt=\"\" \/> Kette<\/dt>\n<dd class=\"art-name\">Shimano CN-LG500<\/dd>\n<\/dl>\n<dl class=\"closed hasextra\">\n<dt><img decoding=\"async\" src=\"https:\/\/www.stevensbikes.de\/all\/img\/icons\/ausstattung\/ritzel.gif\" alt=\"\" \/> Kassette<\/dt>\n<dd class=\"art-name\">Shimano CS-LG700-11<\/dd>\n<\/dl>\n<dl>\n<dt><img decoding=\"async\" src=\"https:\/\/www.stevensbikes.de\/all\/img\/icons\/ausstattung\/pedale.gif\" alt=\"\" \/> Pedale<\/dt>\n<dd class=\"art-name\">ATB Alu Pro Reflex<\/dd>\n<\/dl>\n<\/section>\n<section class=\"art-group\">\n<h3>Laufr\u00e4der<\/h3>\n<dl class=\"closed hasextra\">\n<dt><img decoding=\"async\" src=\"https:\/\/www.stevensbikes.de\/all\/img\/icons\/ausstattung\/naben.gif\" alt=\"\" \/> Nabe hinten<\/dt>\n<dd class=\"art-name\">Formula CL-26<\/dd>\n<\/dl>\n<dl class=\"closed hasextra\">\n<dt><img decoding=\"async\" src=\"https:\/\/www.stevensbikes.de\/all\/img\/icons\/ausstattung\/naben.gif\" alt=\"\" \/> Nabe vorne<\/dt>\n<dd class=\"art-name\">Shimano DH-UR708-3D<\/dd>\n<\/dl>\n<dl class=\"closed hasextra\">\n<dt><img decoding=\"async\" src=\"https:\/\/www.stevensbikes.de\/all\/img\/icons\/ausstattung\/felge.gif\" alt=\"\" \/> Felgen<\/dt>\n<dd class=\"art-name\">Oxygen RM-X21<\/dd>\n<\/dl>\n<dl class=\"closed hasextra\">\n<dt><img decoding=\"async\" src=\"https:\/\/www.stevensbikes.de\/all\/img\/icons\/ausstattung\/reifen.gif\" alt=\"\" \/> Reifen<\/dt>\n<dd class=\"art-name\">Schwalbe G-One Allround Performance<\/dd>\n<\/dl>\n<\/section>\n<section class=\"art-group\">\n<h3>Cockpit<\/h3>\n<dl class=\"closed hasextra\">\n<dt><img decoding=\"async\" src=\"https:\/\/www.stevensbikes.de\/all\/img\/icons\/ausstattung\/lenker.gif\" alt=\"\" \/> Lenker<\/dt>\n<dd class=\"art-name\">Oxygen Scorpo<\/dd>\n<\/dl>\n<dl class=\"closed hasextra\">\n<dt><img decoding=\"async\" src=\"https:\/\/www.stevensbikes.de\/all\/img\/icons\/ausstattung\/vorbau.gif\" alt=\"\" \/> Vorbau<\/dt>\n<dd class=\"art-name\">Oxygen Scorpo<\/dd>\n<\/dl>\n<dl>\n<dt><img decoding=\"async\" src=\"https:\/\/www.stevensbikes.de\/all\/img\/icons\/ausstattung\/sattel.gif\" alt=\"\" \/> Sattel<\/dt>\n<dd class=\"art-name\">Oxygen Lynx<\/dd>\n<\/dl>\n<dl class=\"closed hasextra\">\n<dt><img decoding=\"async\" src=\"https:\/\/www.stevensbikes.de\/all\/img\/icons\/ausstattung\/sstuetze.gif\" alt=\"\" \/> Sattelst\u00fctze<\/dt>\n<dd class=\"art-name\">Oxygen Scorpo<\/dd>\n<\/dl>\n<dl class=\"closed hasextra\">\n<dt><img decoding=\"async\" src=\"https:\/\/www.stevensbikes.de\/all\/img\/icons\/ausstattung\/schalthebel.gif\" alt=\"\" \/> Schalthebel links<\/dt>\n<dd class=\"art-name\">Shimano CUES U8000<\/dd>\n<\/dl>\n<dl class=\"closed hasextra\">\n<dt><img decoding=\"async\" src=\"https:\/\/www.stevensbikes.de\/all\/img\/icons\/ausstattung\/schalthebel.gif\" alt=\"\" \/> Schalthebel rechts<\/dt>\n<dd class=\"art-name\">Shimano CUES U8000<\/dd>\n<\/dl>\n<dl>\n<dt><img decoding=\"async\" src=\"https:\/\/www.stevensbikes.de\/all\/img\/icons\/ausstattung\/bremshebel.gif\" alt=\"\" \/> Bremshebel<\/dt>\n<dd class=\"art-name\">Shimano BL-T8100<\/dd>\n<\/dl>\n<dl class=\"closed hasextra\">\n<dt><img decoding=\"async\" src=\"https:\/\/www.stevensbikes.de\/all\/img\/icons\/ausstattung\/licht_v.gif\" alt=\"\" \/> Licht vorne<\/dt>\n<dd class=\"art-name\">B+M Lumotec IQ-X T<\/dd>\n<\/dl>\n<dl class=\"closed hasextra\">\n<dt><img decoding=\"async\" src=\"https:\/\/www.stevensbikes.de\/all\/img\/icons\/ausstattung\/licht_h.gif\" alt=\"\" \/> R\u00fccklicht<\/dt>\n<dd class=\"art-name\">B+M Shine Evo<\/dd>\n<\/dl>\n<dl class=\"closed hasextra\">\n<dt><img decoding=\"async\" src=\"https:\/\/www.stevensbikes.de\/all\/img\/icons\/ausstattung\/gtraeger.gif\" alt=\"\" \/> Gep\u00e4cktr\u00e4ger<\/dt>\n<dd class=\"art-name\">Racktime Shine Evo RTA Gep\u00e4cktr\u00e4ger<\/dd>\n<\/dl>\n<dl>\n<dt><img decoding=\"async\" src=\"https:\/\/www.stevensbikes.de\/all\/img\/icons\/ausstattung\/bleche.gif\" alt=\"\" \/> Schutzbleche<\/dt>\n<dd class=\"art-name\">SKS Schutzbleche<\/dd>\n<\/dl>\n<dl class=\"closed hasextra\">\n<dt><img decoding=\"async\" src=\"https:\/\/www.stevensbikes.de\/all\/img\/icons\/ausstattung\/staender.gif\" alt=\"\" \/> St\u00e4nder<\/dt>\n<dd class=\"art-name\">Pletscher Comp St\u00e4nder<\/dd>\n<\/dl>\n<dl>\n<dt><img decoding=\"async\" src=\"https:\/\/www.stevensbikes.de\/all\/img\/icons\/ausstattung\/klingel.gif\" alt=\"\" \/> Klingel<\/dt>\n<dd class=\"art-name\">STEVENS D85 Klingel<\/dd>\n<\/dl>\n<\/section>\n<section class=\"art-group\">\n<h3>Daten<\/h3>\n<dl>\n<dt><img decoding=\"async\" src=\"https:\/\/www.stevensbikes.de\/all\/img\/icons\/ausstattung\/gewicht.gif\" alt=\"\" \/> Gewicht<\/dt>\n<dd class=\"art-name\">13,5 kg<\/dd>\n<\/dl>\n<dl>\n<dt><img decoding=\"async\" src=\"https:\/\/www.stevensbikes.de\/all\/img\/icons\/ausstattung\/gewicht.gif\" alt=\"\" \/> Zul. Gesamtgewicht<\/dt>\n<dd class=\"art-name\">130 kg<\/dd>\n<\/dl>\n<\/section>\n<\/div>\n","protected":false},"excerpt":{"rendered":"<p>Highlights, wohin das Auge blickt Das 8X Lite Tour ist ein Sport-Tourer mit makelloser Top-Ausstattung \u2013 das best\u00e4tigen auch die Tests in Magazinen. Hier summieren sich ein geschmeidiger und verschlei\u00dffester Shimano CUES U8000 Linkglide 2x11fach-Antrieb, Deore XT-Scheibenbremsen und die superhelle Busch+M\u00fcller-Lichtanlage zu einem \u00e4u\u00dferst geringen Gesamtgewicht. Alles an ihm dr\u00e4ngt nach vorne, nach oben, zum [&hellip;]<\/p>\n","protected":false},"featured_media":1282,"template":"","meta":[],"product_brand":[],"product_cat":[22],"product_tag":[54],"class_list":{"0":"post-1117","1":"product","2":"type-product","3":"status-publish","4":"has-post-thumbnail","6":"product_cat-stevens","7":"product_tag-54","9":"first","10":"instock","11":"taxable","12":"shipping-taxable","13":"purchasable","14":"product-type-simple"},"_links":{"self":[{"href":"https:\/\/grupetto.de\/shop\/wp-json\/wp\/v2\/product\/1117","targetHints":{"allow":["GET"]}}],"collection":[{"href":"https:\/\/grupetto.de\/shop\/wp-json\/wp\/v2\/product"}],"about":[{"href":"https:\/\/grupetto.de\/shop\/wp-json\/wp\/v2\/types\/product"}],"wp:featuredmedia":[{"embeddable":true,"href":"https:\/\/grupetto.de\/shop\/wp-json\/wp\/v2\/media\/1282"}],"wp:attachment":[{"href":"https:\/\/grupetto.de\/shop\/wp-json\/wp\/v2\/media?parent=1117"}],"wp:term":[{"taxonomy":"product_brand","embeddable":true,"href":"https:\/\/grupetto.de\/shop\/wp-json\/wp\/v2\/product_brand?post=1117"},{"taxonomy":"product_cat","embeddable":true,"href":"https:\/\/grupetto.de\/shop\/wp-json\/wp\/v2\/product_cat?post=1117"},{"taxonomy":"product_tag","embeddable":true,"href":"https:\/\/grupetto.de\/shop\/wp-json\/wp\/v2\/product_tag?post=1117"}],"curies":[{"name":"wp","href":"https:\/\/api.w.org\/{rel}","templated":true}]}}